{"id":14,"date":"2020-07-11T18:46:47","date_gmt":"2020-07-11T16:46:47","guid":{"rendered":"https:\/\/www.culturalvila-seca.cat\/airesdegralla\/?page_id=14"},"modified":"2020-08-22T16:01:28","modified_gmt":"2020-08-22T14:01:28","slug":"que-fem","status":"publish","type":"page","link":"https:\/\/www.culturalvila-seca.cat\/airesdegralla\/que-fem\/","title":{"rendered":"Qu\u00e8 fem"},"content":{"rendered":"\n<div class=\"wp-block-group alignfull block_skew intro_pagina\"><div class=\"wp-block-group__inner-container is-layout-flow wp-block-group-is-layout-flow\"><h1>Qu\u00e8 fem<\/h1>\n\n\n\n<p>Gaudir de la m\u00fasica d\u2019origen tradicional i convertir-la en una forma d\u2019expressi\u00f3 viva i actual, \u00e9s la inquietud d\u2019Aires de Gralla<\/p>\n<\/div><\/div>\n\n\n\n<p><\/p>\n\n\n\n<h2 class=\"wp-block-heading\">Vivint la m\u00fasica tradicional<\/h2>\n\n\n\n<p>Aires de Gralla va n\u00e9ixer l\u2019any 2001 com a grup de grallers format per diferents persones amb inquietuds musicals que volien centrar la seva feina en el camp de la m\u00fasica tradicional i formar part de l\u2019Agrupaci\u00f3 Cultural de Vila-seca.<\/p>\n\n\n\n<figure class=\"wp-block-image size-large\"><img loading=\"lazy\" decoding=\"async\" width=\"981\" height=\"1024\" src=\"https:\/\/www.culturalvila-seca.cat\/airesdegralla\/wp-content\/uploads\/sites\/2\/2020\/08\/IMG-20180723-WA0066-981x1024.jpg\" alt=\"\" class=\"wp-image-173\" srcset=\"https:\/\/www.culturalvila-seca.cat\/airesdegralla\/wp-content\/uploads\/sites\/2\/2020\/08\/IMG-20180723-WA0066-981x1024.jpg 981w, https:\/\/www.culturalvila-seca.cat\/airesdegralla\/wp-content\/uploads\/sites\/2\/2020\/08\/IMG-20180723-WA0066-287x300.jpg 287w, https:\/\/www.culturalvila-seca.cat\/airesdegralla\/wp-content\/uploads\/sites\/2\/2020\/08\/IMG-20180723-WA0066-768x802.jpg 768w, https:\/\/www.culturalvila-seca.cat\/airesdegralla\/wp-content\/uploads\/sites\/2\/2020\/08\/IMG-20180723-WA0066-1472x1536.jpg 1472w, https:\/\/www.culturalvila-seca.cat\/airesdegralla\/wp-content\/uploads\/sites\/2\/2020\/08\/IMG-20180723-WA0066.jpg 1533w\" sizes=\"auto, (max-width: 981px) 100vw, 981px\" \/><\/figure>\n\n\n\n<p>\u201cDenominaci\u00f3 d\u2019origen\u201d \u00e9s el primer treball discogr\u00e0fic d\u2019Aires de Gralla, que serveix per commemorar el seu cinqu\u00e8 aniversari. El nom del compacte fa refer\u00e8ncia al treball de grup, una feina de la terra, i a m\u00e9s amb denominaci\u00f3 d\u2019origen, ja que totes les peces s\u00f3n originals dels seus autors.<\/p>\n\n\n\n<p>Cal destacar que \u00e9s el primer grup de grallers on totes les peces s\u00f3n interpretades pels mateixos autors.<\/p>\n\n\n\n<figure class=\"wp-block-gallery columns-3 is-cropped wp-block-gallery-1 is-layout-flex wp-block-gallery-is-layout-flex\"><ul class=\"blocks-gallery-grid\"><li class=\"blocks-gallery-item\"><figure><a href=\"https:\/\/www.culturalvila-seca.cat\/airesdegralla\/wp-content\/uploads\/sites\/2\/2020\/07\/airesdegrallaconcertcancer1000.jpg\"><img loading=\"lazy\" decoding=\"async\" width=\"1000\" height=\"1000\" src=\"https:\/\/www.culturalvila-seca.cat\/airesdegralla\/wp-content\/uploads\/sites\/2\/2020\/07\/airesdegrallaconcertcancer1000.jpg\" alt=\"\" data-id=\"148\" data-link=\"https:\/\/www.culturalvila-seca.cat\/airesdegralla\/que-fem\/airesdegrallaconcertcancer1000\/\" class=\"wp-image-148\" srcset=\"https:\/\/www.culturalvila-seca.cat\/airesdegralla\/wp-content\/uploads\/sites\/2\/2020\/07\/airesdegrallaconcertcancer1000.jpg 1000w, https:\/\/www.culturalvila-seca.cat\/airesdegralla\/wp-content\/uploads\/sites\/2\/2020\/07\/airesdegrallaconcertcancer1000-300x300.jpg 300w, https:\/\/www.culturalvila-seca.cat\/airesdegralla\/wp-content\/uploads\/sites\/2\/2020\/07\/airesdegrallaconcertcancer1000-150x150.jpg 150w, https:\/\/www.culturalvila-seca.cat\/airesdegralla\/wp-content\/uploads\/sites\/2\/2020\/07\/airesdegrallaconcertcancer1000-768x768.jpg 768w\" sizes=\"auto, (max-width: 1000px) 100vw, 1000px\" \/><\/a><figcaption class=\"blocks-gallery-item__caption\">Presentaci\u00f3 del grup<\/figcaption><\/figure><\/li><li class=\"blocks-gallery-item\"><figure><a href=\"https:\/\/www.culturalvila-seca.cat\/airesdegralla\/wp-content\/uploads\/sites\/2\/2020\/07\/airesdegrallabastoners-05.jpg\"><img loading=\"lazy\" decoding=\"async\" width=\"1024\" height=\"715\" src=\"https:\/\/www.culturalvila-seca.cat\/airesdegralla\/wp-content\/uploads\/sites\/2\/2020\/07\/airesdegrallabastoners-05-1024x715.jpg\" alt=\"\" data-id=\"149\" data-full-url=\"https:\/\/www.culturalvila-seca.cat\/airesdegralla\/wp-content\/uploads\/sites\/2\/2020\/07\/airesdegrallabastoners-05.jpg\" data-link=\"https:\/\/www.culturalvila-seca.cat\/airesdegralla\/que-fem\/airesdegrallabastoners-05\/\" class=\"wp-image-149\" srcset=\"https:\/\/www.culturalvila-seca.cat\/airesdegralla\/wp-content\/uploads\/sites\/2\/2020\/07\/airesdegrallabastoners-05-1024x715.jpg 1024w, https:\/\/www.culturalvila-seca.cat\/airesdegralla\/wp-content\/uploads\/sites\/2\/2020\/07\/airesdegrallabastoners-05-300x209.jpg 300w, https:\/\/www.culturalvila-seca.cat\/airesdegralla\/wp-content\/uploads\/sites\/2\/2020\/07\/airesdegrallabastoners-05-768x536.jpg 768w, https:\/\/www.culturalvila-seca.cat\/airesdegralla\/wp-content\/uploads\/sites\/2\/2020\/07\/airesdegrallabastoners-05-1536x1072.jpg 1536w, https:\/\/www.culturalvila-seca.cat\/airesdegralla\/wp-content\/uploads\/sites\/2\/2020\/07\/airesdegrallabastoners-05.jpg 1816w\" sizes=\"auto, (max-width: 1024px) 100vw, 1024px\" \/><\/a><\/figure><\/li><li class=\"blocks-gallery-item\"><figure><a href=\"https:\/\/www.culturalvila-seca.cat\/airesdegralla\/wp-content\/uploads\/sites\/2\/2020\/07\/airesdegrallaTrabucaires-03.jpg\"><img loading=\"lazy\" decoding=\"async\" width=\"1024\" height=\"739\" src=\"https:\/\/www.culturalvila-seca.cat\/airesdegralla\/wp-content\/uploads\/sites\/2\/2020\/07\/airesdegrallaTrabucaires-03-1024x739.jpg\" alt=\"\" data-id=\"150\" data-full-url=\"https:\/\/www.culturalvila-seca.cat\/airesdegralla\/wp-content\/uploads\/sites\/2\/2020\/07\/airesdegrallaTrabucaires-03.jpg\" data-link=\"https:\/\/www.culturalvila-seca.cat\/airesdegralla\/que-fem\/airesdegrallatrabucaires-03\/\" class=\"wp-image-150\" srcset=\"https:\/\/www.culturalvila-seca.cat\/airesdegralla\/wp-content\/uploads\/sites\/2\/2020\/07\/airesdegrallaTrabucaires-03-1024x739.jpg 1024w, https:\/\/www.culturalvila-seca.cat\/airesdegralla\/wp-content\/uploads\/sites\/2\/2020\/07\/airesdegrallaTrabucaires-03-300x216.jpg 300w, https:\/\/www.culturalvila-seca.cat\/airesdegralla\/wp-content\/uploads\/sites\/2\/2020\/07\/airesdegrallaTrabucaires-03-768x554.jpg 768w, https:\/\/www.culturalvila-seca.cat\/airesdegralla\/wp-content\/uploads\/sites\/2\/2020\/07\/airesdegrallaTrabucaires-03-1536x1108.jpg 1536w, https:\/\/www.culturalvila-seca.cat\/airesdegralla\/wp-content\/uploads\/sites\/2\/2020\/07\/airesdegrallaTrabucaires-03-2048x1477.jpg 2048w\" sizes=\"auto, (max-width: 1024px) 100vw, 1024px\" \/><\/a><figcaption class=\"blocks-gallery-item__caption\">Actuaci\u00f3 a la Trobada Nacional de Trabucaires<\/figcaption><\/figure><\/li><\/ul><\/figure>\n\n\n\n<figure class=\"wp-block-image size-large is-style-rounded credit_autor\"><img loading=\"lazy\" decoding=\"async\" width=\"400\" height=\"400\" src=\"https:\/\/www.culturalvila-seca.cat\/airesdegralla\/wp-content\/uploads\/sites\/2\/2020\/07\/ezequielMolina.jpg\" alt=\"\" class=\"wp-image-152\" srcset=\"https:\/\/www.culturalvila-seca.cat\/airesdegralla\/wp-content\/uploads\/sites\/2\/2020\/07\/ezequielMolina.jpg 400w, https:\/\/www.culturalvila-seca.cat\/airesdegralla\/wp-content\/uploads\/sites\/2\/2020\/07\/ezequielMolina-300x300.jpg 300w, https:\/\/www.culturalvila-seca.cat\/airesdegralla\/wp-content\/uploads\/sites\/2\/2020\/07\/ezequielMolina-150x150.jpg 150w\" sizes=\"auto, (max-width: 400px) 100vw, 400px\" \/><figcaption><strong>Ezequiel Molina<\/strong> <strong>Pino<\/strong><br>President d&#8217;Aires de Gralla<\/figcaption><\/figure>\n\n\n\n<p><\/p>\n","protected":false},"excerpt":{"rendered":"<p>Gaudir de la m\u00fasica d\u2019origen tradicional i convertir-la en una forma d\u2019expressi\u00f3 viva i actual, \u00e9s la inquietud d\u2019Aires de Gralla Vivint la m\u00fasica tradicional Aires de Gralla va n\u00e9ixer l\u2019any 2001 com a grup de grallers format per diferents persones amb inquietuds musicals que volien centrar la seva feina en el camp de la [&hellip;]<\/p>\n","protected":false},"author":1,"featured_media":133,"parent":0,"menu_order":0,"comment_status":"closed","ping_status":"closed","template":"","meta":{"_acf_changed":false,"footnotes":""},"class_list":["post-14","page","type-page","status-publish","has-post-thumbnail","hentry"],"acf":[],"_links":{"self":[{"href":"https:\/\/www.culturalvila-seca.cat\/airesdegralla\/wp-json\/wp\/v2\/pages\/14","targetHints":{"allow":["GET"]}}],"collection":[{"href":"https:\/\/www.culturalvila-seca.cat\/airesdegralla\/wp-json\/wp\/v2\/pages"}],"about":[{"href":"https:\/\/www.culturalvila-seca.cat\/airesdegralla\/wp-json\/wp\/v2\/types\/page"}],"author":[{"embeddable":true,"href":"https:\/\/www.culturalvila-seca.cat\/airesdegralla\/wp-json\/wp\/v2\/users\/1"}],"replies":[{"embeddable":true,"href":"https:\/\/www.culturalvila-seca.cat\/airesdegralla\/wp-json\/wp\/v2\/comments?post=14"}],"version-history":[{"count":22,"href":"https:\/\/www.culturalvila-seca.cat\/airesdegralla\/wp-json\/wp\/v2\/pages\/14\/revisions"}],"predecessor-version":[{"id":174,"href":"https:\/\/www.culturalvila-seca.cat\/airesdegralla\/wp-json\/wp\/v2\/pages\/14\/revisions\/174"}],"wp:featuredmedia":[{"embeddable":true,"href":"https:\/\/www.culturalvila-seca.cat\/airesdegralla\/wp-json\/wp\/v2\/media\/133"}],"wp:attachment":[{"href":"https:\/\/www.culturalvila-seca.cat\/airesdegralla\/wp-json\/wp\/v2\/media?parent=14"}],"curies":[{"name":"wp","href":"https:\/\/api.w.org\/{rel}","templated":true}]}}