{"id":19,"date":"2020-07-11T18:58:23","date_gmt":"2020-07-11T16:58:23","guid":{"rendered":"https:\/\/www.culturalvila-seca.cat\/airesdegralla\/?page_id=19"},"modified":"2020-08-18T18:13:47","modified_gmt":"2020-08-18T16:13:47","slug":"actualitat","status":"publish","type":"page","link":"https:\/\/www.culturalvila-seca.cat\/airesdegralla\/actualitat\/","title":{"rendered":"Actualitat"},"content":{"rendered":"\n<div class=\"wp-block-group alignfull block_skew intro_pagina\"><div class=\"wp-block-group__inner-container is-layout-flow wp-block-group-is-layout-flow\"><h1>Actualitat<\/h1>\n<\/div><\/div>\n\n\n\n<h3 class=\"wp-block-heading\">Inici dels assajos al setembre<\/h3>\n\n\n\n<p>Esperem poder recuperar els assajos setmanals els dijous de setembre al Conservatori de Vila-seca. Tot dependr\u00e0 de l&#8217;evoluci\u00f3 de la pand\u00e8mia i dels usos del centre de m\u00fasica. Us mantindrem informats!<\/p>\n","protected":false},"excerpt":{"rendered":"<p>Inici dels assajos al setembre Esperem poder recuperar els assajos setmanals els dijous de setembre al Conservatori de Vila-seca. Tot dependr\u00e0 de l&#8217;evoluci\u00f3 de la pand\u00e8mia i dels usos del centre de m\u00fasica. Us mantindrem informats!<\/p>\n","protected":false},"author":1,"featured_media":133,"parent":0,"menu_order":0,"comment_status":"closed","ping_status":"closed","template":"template_noticies.php","meta":{"_acf_changed":false,"footnotes":""},"class_list":["post-19","page","type-page","status-publish","has-post-thumbnail","hentry"],"acf":[],"_links":{"self":[{"href":"https:\/\/www.culturalvila-seca.cat\/airesdegralla\/wp-json\/wp\/v2\/pages\/19","targetHints":{"allow":["GET"]}}],"collection":[{"href":"https:\/\/www.culturalvila-seca.cat\/airesdegralla\/wp-json\/wp\/v2\/pages"}],"about":[{"href":"https:\/\/www.culturalvila-seca.cat\/airesdegralla\/wp-json\/wp\/v2\/types\/page"}],"author":[{"embeddable":true,"href":"https:\/\/www.culturalvila-seca.cat\/airesdegralla\/wp-json\/wp\/v2\/users\/1"}],"replies":[{"embeddable":true,"href":"https:\/\/www.culturalvila-seca.cat\/airesdegralla\/wp-json\/wp\/v2\/comments?post=19"}],"version-history":[{"count":6,"href":"https:\/\/www.culturalvila-seca.cat\/airesdegralla\/wp-json\/wp\/v2\/pages\/19\/revisions"}],"predecessor-version":[{"id":168,"href":"https:\/\/www.culturalvila-seca.cat\/airesdegralla\/wp-json\/wp\/v2\/pages\/19\/revisions\/168"}],"wp:featuredmedia":[{"embeddable":true,"href":"https:\/\/www.culturalvila-seca.cat\/airesdegralla\/wp-json\/wp\/v2\/media\/133"}],"wp:attachment":[{"href":"https:\/\/www.culturalvila-seca.cat\/airesdegralla\/wp-json\/wp\/v2\/media?parent=19"}],"curies":[{"name":"wp","href":"https:\/\/api.w.org\/{rel}","templated":true}]}}