{"id":6,"date":"2020-07-11T18:41:28","date_gmt":"2020-07-11T16:41:28","guid":{"rendered":"https:\/\/www.culturalvila-seca.cat\/alnostreaire\/?page_id=6"},"modified":"2020-07-21T17:55:51","modified_gmt":"2020-07-21T15:55:51","slug":"grup-vocal-al-nostre-aire","status":"publish","type":"page","link":"https:\/\/www.culturalvila-seca.cat\/alnostreaire\/","title":{"rendered":"Grup Vocal Al Nostre Aire"},"content":{"rendered":"\n<div class=\"wp-block-group alignfull block_skew intro_subsite\"><div class=\"wp-block-group__inner-container is-layout-flow wp-block-group-is-layout-flow\"><h1>Grup Vocal Al Nostre Aire<\/h1>\n\n\n\n<h2 class=\"wp-block-heading\">Can\u00e7\u00f3 catalana, cubana i llatinoamericana amb una bona dosi de simpatia<\/h2>\n<\/div><\/div>\n\n\n\n<div class=\"wp-block-columns block_cols img_left block_link extended is-layout-flex wp-container-core-columns-is-layout-9d6595d7 wp-block-columns-is-layout-flex\">\n<div class=\"wp-block-column is-layout-flow wp-block-column-is-layout-flow\" style=\"flex-basis:50%\">\n<figure class=\"wp-block-image size-large\"><img loading=\"lazy\" decoding=\"async\" width=\"1000\" height=\"1000\" src=\"https:\/\/www.culturalvila-seca.cat\/alnostreaire\/wp-content\/uploads\/sites\/10\/2020\/07\/aires02.jpg\" alt=\"\" class=\"wp-image-59\" srcset=\"https:\/\/www.culturalvila-seca.cat\/alnostreaire\/wp-content\/uploads\/sites\/10\/2020\/07\/aires02.jpg 1000w, https:\/\/www.culturalvila-seca.cat\/alnostreaire\/wp-content\/uploads\/sites\/10\/2020\/07\/aires02-300x300.jpg 300w, https:\/\/www.culturalvila-seca.cat\/alnostreaire\/wp-content\/uploads\/sites\/10\/2020\/07\/aires02-150x150.jpg 150w, https:\/\/www.culturalvila-seca.cat\/alnostreaire\/wp-content\/uploads\/sites\/10\/2020\/07\/aires02-768x768.jpg 768w\" sizes=\"auto, (max-width: 1000px) 100vw, 1000px\" \/><\/figure>\n\n\n\n<p><\/p>\n<\/div>\n\n\n\n<div class=\"wp-block-column is-layout-flow wp-block-column-is-layout-flow\" style=\"flex-basis:50%\">\n<h2 class=\"wp-block-heading\">Aires llatins<\/h2>\n\n\n\n<div class=\"wp-block-group\"><div class=\"wp-block-group__inner-container is-layout-flow wp-block-group-is-layout-flow\">\n<p>Som un grup voc\u00e0lic de veus masculines, gaudim cantant  <\/p>\n<\/div><\/div>\n\n\n\n<p><a href=\"https:\/\/www.culturalvila-seca.cat\/alnostreaire\/historia\/\">T&#8217;expliquem qui som<\/a><\/p>\n<\/div>\n<\/div>\n\n\n\n<div class=\"wp-block-group alignfull\"><div class=\"wp-block-group__inner-container is-layout-flow wp-block-group-is-layout-flow\">\n<div class=\"wp-block-group alignfull block_skew grey angle2 extended\"><div class=\"wp-block-group__inner-container is-layout-flow wp-block-group-is-layout-flow\">\n<h2 class=\"wp-block-heading\">Recull de not\u00edcies<\/h2>\n\n\n<section class=\"noticia_destacada\">\n<div class=\"wp-block-columns block_link block_noticia block_link extended  \">\n\t<div class=\"wp-block-column foto_noticia\">\n\t\t<figure class=\"wp-block-image alignwide size-large relocatable\">\n\t\t<img loading=\"lazy\" decoding=\"async\" width=\"300\" height=\"300\" src=\"https:\/\/www.culturalvila-seca.cat\/alnostreaire\/wp-content\/uploads\/sites\/10\/2020\/07\/aires02-300x300.jpg\" class=\"attachment-medium size-medium wp-post-image\" alt=\"\" srcset=\"https:\/\/www.culturalvila-seca.cat\/alnostreaire\/wp-content\/uploads\/sites\/10\/2020\/07\/aires02-300x300.jpg 300w, https:\/\/www.culturalvila-seca.cat\/alnostreaire\/wp-content\/uploads\/sites\/10\/2020\/07\/aires02-150x150.jpg 150w, https:\/\/www.culturalvila-seca.cat\/alnostreaire\/wp-content\/uploads\/sites\/10\/2020\/07\/aires02-768x768.jpg 768w, https:\/\/www.culturalvila-seca.cat\/alnostreaire\/wp-content\/uploads\/sites\/10\/2020\/07\/aires02.jpg 1000w\" sizes=\"auto, (max-width: 300px) 100vw, 300px\" \/>\t\t<figcaption><\/figcaption>\n\t\t<\/figure>\n\t<\/div>\n\t<div class=\"wp-block-column text_noticia\">\n\t\n\t\t<div class=\"titol\">\n\t\t\t\t<h3>En lat\u00e8ncia<\/h3>\n\t\t\t\t\t\t\t\t<\/div>\n\t\t<p>Portem un temps aturats, de moment no tenim noves not\u00edcies per compartir amb vosaltres. Desitgem per\u00f2 que ben aviat alg\u00fa activi novament l&#8217;espurna.<\/p>\n\t\t\n\t\t\n\t\t<p class=\"article_actions\">\n\t\t\n\t\t\t<a href=\"https:\/\/www.culturalvila-seca.cat\/alnostreaire\/actualitat\/en-latencia\/\" >\n\t\t\t\t<i class=\"fas fa-chevron-right\"><\/i> Llegeix m\u00e9s\n\t\t\t<\/a>\n\t\t\t\t\t\t\t\t<\/p>\n\n\n\t<\/div>\n<\/div><\/section>\n<\/div><\/div>\n<\/div><\/div>\n\n\n\n<p><\/p>\n","protected":false},"excerpt":{"rendered":"<p>Can\u00e7\u00f3 catalana, cubana i llatinoamericana amb una bona dosi de simpatia Aires llatins Som un grup voc\u00e0lic de veus masculines, gaudim cantant T&#8217;expliquem qui som Recull de not\u00edcies<\/p>\n","protected":false},"author":1,"featured_media":50,"parent":0,"menu_order":0,"comment_status":"closed","ping_status":"closed","template":"template_portada_subsite.php","meta":{"_acf_changed":false,"footnotes":""},"class_list":["post-6","page","type-page","status-publish","has-post-thumbnail","hentry"],"acf":[],"_links":{"self":[{"href":"https:\/\/www.culturalvila-seca.cat\/alnostreaire\/wp-json\/wp\/v2\/pages\/6","targetHints":{"allow":["GET"]}}],"collection":[{"href":"https:\/\/www.culturalvila-seca.cat\/alnostreaire\/wp-json\/wp\/v2\/pages"}],"about":[{"href":"https:\/\/www.culturalvila-seca.cat\/alnostreaire\/wp-json\/wp\/v2\/types\/page"}],"author":[{"embeddable":true,"href":"https:\/\/www.culturalvila-seca.cat\/alnostreaire\/wp-json\/wp\/v2\/users\/1"}],"replies":[{"embeddable":true,"href":"https:\/\/www.culturalvila-seca.cat\/alnostreaire\/wp-json\/wp\/v2\/comments?post=6"}],"version-history":[{"count":9,"href":"https:\/\/www.culturalvila-seca.cat\/alnostreaire\/wp-json\/wp\/v2\/pages\/6\/revisions"}],"predecessor-version":[{"id":66,"href":"https:\/\/www.culturalvila-seca.cat\/alnostreaire\/wp-json\/wp\/v2\/pages\/6\/revisions\/66"}],"wp:featuredmedia":[{"embeddable":true,"href":"https:\/\/www.culturalvila-seca.cat\/alnostreaire\/wp-json\/wp\/v2\/media\/50"}],"wp:attachment":[{"href":"https:\/\/www.culturalvila-seca.cat\/alnostreaire\/wp-json\/wp\/v2\/media?parent=6"}],"curies":[{"name":"wp","href":"https:\/\/api.w.org\/{rel}","templated":true}]}}