{"id":10,"date":"2020-07-11T18:53:54","date_gmt":"2020-07-11T16:53:54","guid":{"rendered":"https:\/\/www.culturalvila-seca.cat\/amicsdelcavall\/?page_id=10"},"modified":"2020-08-21T11:01:33","modified_gmt":"2020-08-21T09:01:33","slug":"historia","status":"publish","type":"page","link":"https:\/\/www.culturalvila-seca.cat\/amicsdelcavall\/historia\/","title":{"rendered":"Hist\u00f2ria"},"content":{"rendered":"\n<div class=\"wp-block-group alignfull block_skew intro_pagina\"><div class=\"wp-block-group__inner-container is-layout-flow wp-block-group-is-layout-flow\"><h1>Hist\u00f2ria<\/h1>\n\n\n\n<p>Volem mostrar i promoure el m\u00f3n del cavall en aquelles activitats festives m\u00e9s tradicionals.<\/p>\n<\/div><\/div>\n\n\n\n<h2 class=\"wp-block-heading\">Cavalls i cultura popular<\/h2>\n\n\n\n<p>Els amics del Cavall de Vila-seca es van integrar a l&#8217;Agrupaci\u00f3 Cultural l&#8217;any 2003. Havien estat impulsats per diverses persones del municipi que gaudien i treballaven amb cavalls com Demetri Sendra, Xavier i Sergi Guart.<\/p>\n\n\n\n<div class=\"wp-block-image\"><figure class=\"aligncenter size-large\"><img loading=\"lazy\" decoding=\"async\" width=\"468\" height=\"329\" src=\"https:\/\/www.culturalvila-seca.cat\/amicsdelcavall\/wp-content\/uploads\/sites\/3\/2020\/07\/Festa-Major-de-Vila-seca-2003-Junta-Fundadora.jpg\" alt=\"\" class=\"wp-image-62\" srcset=\"https:\/\/www.culturalvila-seca.cat\/amicsdelcavall\/wp-content\/uploads\/sites\/3\/2020\/07\/Festa-Major-de-Vila-seca-2003-Junta-Fundadora.jpg 468w, https:\/\/www.culturalvila-seca.cat\/amicsdelcavall\/wp-content\/uploads\/sites\/3\/2020\/07\/Festa-Major-de-Vila-seca-2003-Junta-Fundadora-300x211.jpg 300w\" sizes=\"auto, (max-width: 468px) 100vw, 468px\" \/><figcaption>Junta fundadora<br>Fotografia: Xavi Sendra<\/figcaption><\/figure><\/div>\n\n\n\n<p>Han participat en Fires de Sant Isidre, en la portada de la Mare de D\u00e9u de la Pineda, en festes majors a la Pineda i&nbsp;a Vila-seca, en l&#8217;organitzaci\u00f3 dels Tres Tombs a Vila-seca i col\u00b7laboren en l&#8217;arribada de l&#8217;Home dels Nassos el 31 de desembre. Tamb\u00e9 van col\u00b7laborar en la celebraci\u00f3 dels 800 anys de la Carta de Fundaci\u00f3 de Vila-seca.<\/p>\n\n\n\n<p>Podem dir que \u00e9s una secci\u00f3 molt interessada en mostrar i promoure el m\u00f3n del cavall en aquelles activitats festives m\u00e9s tradicionals.<\/p>\n\n\n\n<figure class=\"wp-block-gallery columns-3 is-cropped wp-block-gallery-1 is-layout-flex wp-block-gallery-is-layout-flex\"><ul class=\"blocks-gallery-grid\"><li class=\"blocks-gallery-item\"><figure><a href=\"https:\/\/www.culturalvila-seca.cat\/amicsdelcavall\/wp-content\/uploads\/sites\/3\/2020\/07\/stisidre2008-scaled.jpg\"><img loading=\"lazy\" decoding=\"async\" width=\"1024\" height=\"683\" src=\"https:\/\/www.culturalvila-seca.cat\/amicsdelcavall\/wp-content\/uploads\/sites\/3\/2020\/07\/stisidre2008-1024x683.jpg\" alt=\"\" data-id=\"63\" data-full-url=\"https:\/\/www.culturalvila-seca.cat\/amicsdelcavall\/wp-content\/uploads\/sites\/3\/2020\/07\/stisidre2008-scaled.jpg\" data-link=\"https:\/\/www.culturalvila-seca.cat\/amicsdelcavall\/historia\/stisidre2008\/\" class=\"wp-image-63\" srcset=\"https:\/\/www.culturalvila-seca.cat\/amicsdelcavall\/wp-content\/uploads\/sites\/3\/2020\/07\/stisidre2008-1024x683.jpg 1024w, https:\/\/www.culturalvila-seca.cat\/amicsdelcavall\/wp-content\/uploads\/sites\/3\/2020\/07\/stisidre2008-300x200.jpg 300w, https:\/\/www.culturalvila-seca.cat\/amicsdelcavall\/wp-content\/uploads\/sites\/3\/2020\/07\/stisidre2008-768x512.jpg 768w, https:\/\/www.culturalvila-seca.cat\/amicsdelcavall\/wp-content\/uploads\/sites\/3\/2020\/07\/stisidre2008-1536x1024.jpg 1536w, https:\/\/www.culturalvila-seca.cat\/amicsdelcavall\/wp-content\/uploads\/sites\/3\/2020\/07\/stisidre2008-2048x1365.jpg 2048w\" sizes=\"auto, (max-width: 1024px) 100vw, 1024px\" \/><\/a><figcaption class=\"blocks-gallery-item__caption\">Sant Isidre<\/figcaption><\/figure><\/li><li class=\"blocks-gallery-item\"><figure><a href=\"https:\/\/www.culturalvila-seca.cat\/amicsdelcavall\/wp-content\/uploads\/sites\/3\/2020\/07\/md2003.jpg\"><img loading=\"lazy\" decoding=\"async\" width=\"1024\" height=\"768\" src=\"https:\/\/www.culturalvila-seca.cat\/amicsdelcavall\/wp-content\/uploads\/sites\/3\/2020\/07\/md2003-1024x768.jpg\" alt=\"\" data-id=\"64\" data-full-url=\"https:\/\/www.culturalvila-seca.cat\/amicsdelcavall\/wp-content\/uploads\/sites\/3\/2020\/07\/md2003.jpg\" data-link=\"https:\/\/www.culturalvila-seca.cat\/amicsdelcavall\/historia\/md2003\/\" class=\"wp-image-64\" srcset=\"https:\/\/www.culturalvila-seca.cat\/amicsdelcavall\/wp-content\/uploads\/sites\/3\/2020\/07\/md2003-1024x768.jpg 1024w, https:\/\/www.culturalvila-seca.cat\/amicsdelcavall\/wp-content\/uploads\/sites\/3\/2020\/07\/md2003-300x225.jpg 300w, https:\/\/www.culturalvila-seca.cat\/amicsdelcavall\/wp-content\/uploads\/sites\/3\/2020\/07\/md2003-768x576.jpg 768w, https:\/\/www.culturalvila-seca.cat\/amicsdelcavall\/wp-content\/uploads\/sites\/3\/2020\/07\/md2003-1536x1152.jpg 1536w, https:\/\/www.culturalvila-seca.cat\/amicsdelcavall\/wp-content\/uploads\/sites\/3\/2020\/07\/md2003.jpg 2048w\" sizes=\"auto, (max-width: 1024px) 100vw, 1024px\" \/><\/a><figcaption class=\"blocks-gallery-item__caption\">Acompanyament a la M.D\u00e9u de la Pineda<\/figcaption><\/figure><\/li><li class=\"blocks-gallery-item\"><figure><a href=\"https:\/\/www.culturalvila-seca.cat\/amicsdelcavall\/wp-content\/uploads\/sites\/3\/2020\/07\/fotoSergiGuartMonfort-scaled.jpg\"><img loading=\"lazy\" decoding=\"async\" width=\"1024\" height=\"683\" src=\"https:\/\/www.culturalvila-seca.cat\/amicsdelcavall\/wp-content\/uploads\/sites\/3\/2020\/07\/fotoSergiGuartMonfort-1024x683.jpg\" alt=\"\" data-id=\"65\" data-full-url=\"https:\/\/www.culturalvila-seca.cat\/amicsdelcavall\/wp-content\/uploads\/sites\/3\/2020\/07\/fotoSergiGuartMonfort-scaled.jpg\" data-link=\"https:\/\/www.culturalvila-seca.cat\/amicsdelcavall\/historia\/fotosergiguartmonfort\/\" class=\"wp-image-65\" srcset=\"https:\/\/www.culturalvila-seca.cat\/amicsdelcavall\/wp-content\/uploads\/sites\/3\/2020\/07\/fotoSergiGuartMonfort-1024x683.jpg 1024w, https:\/\/www.culturalvila-seca.cat\/amicsdelcavall\/wp-content\/uploads\/sites\/3\/2020\/07\/fotoSergiGuartMonfort-300x200.jpg 300w, https:\/\/www.culturalvila-seca.cat\/amicsdelcavall\/wp-content\/uploads\/sites\/3\/2020\/07\/fotoSergiGuartMonfort-768x512.jpg 768w, https:\/\/www.culturalvila-seca.cat\/amicsdelcavall\/wp-content\/uploads\/sites\/3\/2020\/07\/fotoSergiGuartMonfort-1536x1024.jpg 1536w, https:\/\/www.culturalvila-seca.cat\/amicsdelcavall\/wp-content\/uploads\/sites\/3\/2020\/07\/fotoSergiGuartMonfort-2048x1365.jpg 2048w\" sizes=\"auto, (max-width: 1024px) 100vw, 1024px\" \/><\/a><figcaption class=\"blocks-gallery-item__caption\">Sant Isidre<\/figcaption><\/figure><\/li><li class=\"blocks-gallery-item\"><figure><a href=\"https:\/\/www.culturalvila-seca.cat\/amicsdelcavall\/wp-content\/uploads\/sites\/3\/2020\/07\/800anysvila-seca2008-scaled.jpg\"><img loading=\"lazy\" decoding=\"async\" width=\"1024\" height=\"683\" src=\"https:\/\/www.culturalvila-seca.cat\/amicsdelcavall\/wp-content\/uploads\/sites\/3\/2020\/07\/800anysvila-seca2008-1024x683.jpg\" alt=\"\" data-id=\"67\" data-full-url=\"https:\/\/www.culturalvila-seca.cat\/amicsdelcavall\/wp-content\/uploads\/sites\/3\/2020\/07\/800anysvila-seca2008-scaled.jpg\" data-link=\"https:\/\/www.culturalvila-seca.cat\/amicsdelcavall\/historia\/800anysvila-seca2008\/\" class=\"wp-image-67\" srcset=\"https:\/\/www.culturalvila-seca.cat\/amicsdelcavall\/wp-content\/uploads\/sites\/3\/2020\/07\/800anysvila-seca2008-1024x683.jpg 1024w, https:\/\/www.culturalvila-seca.cat\/amicsdelcavall\/wp-content\/uploads\/sites\/3\/2020\/07\/800anysvila-seca2008-300x200.jpg 300w, https:\/\/www.culturalvila-seca.cat\/amicsdelcavall\/wp-content\/uploads\/sites\/3\/2020\/07\/800anysvila-seca2008-768x512.jpg 768w, https:\/\/www.culturalvila-seca.cat\/amicsdelcavall\/wp-content\/uploads\/sites\/3\/2020\/07\/800anysvila-seca2008-1536x1024.jpg 1536w, https:\/\/www.culturalvila-seca.cat\/amicsdelcavall\/wp-content\/uploads\/sites\/3\/2020\/07\/800anysvila-seca2008-2048x1365.jpg 2048w\" sizes=\"auto, (max-width: 1024px) 100vw, 1024px\" \/><\/a><figcaption class=\"blocks-gallery-item__caption\">Representaci\u00f3 dels 800 anys de Vila-seca<\/figcaption><\/figure><\/li><li class=\"blocks-gallery-item\"><figure><a href=\"https:\/\/www.culturalvila-seca.cat\/amicsdelcavall\/wp-content\/uploads\/sites\/3\/2020\/07\/Sant-Isidre-2003-5.jpg\"><img loading=\"lazy\" decoding=\"async\" width=\"1024\" height=\"648\" src=\"https:\/\/www.culturalvila-seca.cat\/amicsdelcavall\/wp-content\/uploads\/sites\/3\/2020\/07\/Sant-Isidre-2003-5-1024x648.jpg\" alt=\"\" data-id=\"68\" data-full-url=\"https:\/\/www.culturalvila-seca.cat\/amicsdelcavall\/wp-content\/uploads\/sites\/3\/2020\/07\/Sant-Isidre-2003-5.jpg\" data-link=\"https:\/\/www.culturalvila-seca.cat\/amicsdelcavall\/historia\/sant-isidre-2003-5\/\" class=\"wp-image-68\" srcset=\"https:\/\/www.culturalvila-seca.cat\/amicsdelcavall\/wp-content\/uploads\/sites\/3\/2020\/07\/Sant-Isidre-2003-5-1024x648.jpg 1024w, https:\/\/www.culturalvila-seca.cat\/amicsdelcavall\/wp-content\/uploads\/sites\/3\/2020\/07\/Sant-Isidre-2003-5-300x190.jpg 300w, https:\/\/www.culturalvila-seca.cat\/amicsdelcavall\/wp-content\/uploads\/sites\/3\/2020\/07\/Sant-Isidre-2003-5-768x486.jpg 768w, https:\/\/www.culturalvila-seca.cat\/amicsdelcavall\/wp-content\/uploads\/sites\/3\/2020\/07\/Sant-Isidre-2003-5.jpg 1167w\" sizes=\"auto, (max-width: 1024px) 100vw, 1024px\" \/><\/a><figcaption class=\"blocks-gallery-item__caption\">Sant Isidre<\/figcaption><\/figure><\/li><li class=\"blocks-gallery-item\"><figure><a href=\"https:\/\/www.culturalvila-seca.cat\/amicsdelcavall\/wp-content\/uploads\/sites\/3\/2020\/07\/Festa-Major-la-Pineda-2003.jpg\"><img loading=\"lazy\" decoding=\"async\" width=\"1024\" height=\"547\" src=\"https:\/\/www.culturalvila-seca.cat\/amicsdelcavall\/wp-content\/uploads\/sites\/3\/2020\/07\/Festa-Major-la-Pineda-2003-1024x547.jpg\" alt=\"\" data-id=\"69\" data-full-url=\"https:\/\/www.culturalvila-seca.cat\/amicsdelcavall\/wp-content\/uploads\/sites\/3\/2020\/07\/Festa-Major-la-Pineda-2003.jpg\" data-link=\"https:\/\/www.culturalvila-seca.cat\/amicsdelcavall\/historia\/festa-major-la-pineda-2003\/\" class=\"wp-image-69\" srcset=\"https:\/\/www.culturalvila-seca.cat\/amicsdelcavall\/wp-content\/uploads\/sites\/3\/2020\/07\/Festa-Major-la-Pineda-2003-1024x547.jpg 1024w, https:\/\/www.culturalvila-seca.cat\/amicsdelcavall\/wp-content\/uploads\/sites\/3\/2020\/07\/Festa-Major-la-Pineda-2003-300x160.jpg 300w, https:\/\/www.culturalvila-seca.cat\/amicsdelcavall\/wp-content\/uploads\/sites\/3\/2020\/07\/Festa-Major-la-Pineda-2003-768x410.jpg 768w, https:\/\/www.culturalvila-seca.cat\/amicsdelcavall\/wp-content\/uploads\/sites\/3\/2020\/07\/Festa-Major-la-Pineda-2003.jpg 1026w\" sizes=\"auto, (max-width: 1024px) 100vw, 1024px\" \/><\/a><figcaption class=\"blocks-gallery-item__caption\">Festa Major de la Pineda<\/figcaption><\/figure><\/li><\/ul><\/figure>\n\n\n\n<figure class=\"wp-block-image size-large is-style-rounded credit_autor\"><img loading=\"lazy\" decoding=\"async\" width=\"400\" height=\"400\" src=\"https:\/\/www.culturalvila-seca.cat\/amicsdelcavall\/wp-content\/uploads\/sites\/3\/2020\/07\/Sergi-Guart-Monfort.jpg\" alt=\"\" class=\"wp-image-60\" srcset=\"https:\/\/www.culturalvila-seca.cat\/amicsdelcavall\/wp-content\/uploads\/sites\/3\/2020\/07\/Sergi-Guart-Monfort.jpg 400w, https:\/\/www.culturalvila-seca.cat\/amicsdelcavall\/wp-content\/uploads\/sites\/3\/2020\/07\/Sergi-Guart-Monfort-300x300.jpg 300w, https:\/\/www.culturalvila-seca.cat\/amicsdelcavall\/wp-content\/uploads\/sites\/3\/2020\/07\/Sergi-Guart-Monfort-150x150.jpg 150w\" sizes=\"auto, (max-width: 400px) 100vw, 400px\" \/><figcaption><strong>Sergi Guart Monfort<\/strong><br>President d&#8217;Amics del cavall<\/figcaption><\/figure>\n","protected":false},"excerpt":{"rendered":"<p>Volem mostrar i promoure el m\u00f3n del cavall en aquelles activitats festives m\u00e9s tradicionals. Cavalls i cultura popular Els amics del Cavall de Vila-seca es van integrar a l&#8217;Agrupaci\u00f3 Cultural l&#8217;any 2003. Havien estat impulsats per diverses persones del municipi que gaudien i treballaven amb cavalls com Demetri Sendra, Xavier i Sergi Guart. Han participat [&hellip;]<\/p>\n","protected":false},"author":1,"featured_media":0,"parent":0,"menu_order":0,"comment_status":"closed","ping_status":"closed","template":"","meta":{"_acf_changed":false,"footnotes":""},"class_list":["post-10","page","type-page","status-publish","hentry"],"acf":[],"_links":{"self":[{"href":"https:\/\/www.culturalvila-seca.cat\/amicsdelcavall\/wp-json\/wp\/v2\/pages\/10","targetHints":{"allow":["GET"]}}],"collection":[{"href":"https:\/\/www.culturalvila-seca.cat\/amicsdelcavall\/wp-json\/wp\/v2\/pages"}],"about":[{"href":"https:\/\/www.culturalvila-seca.cat\/amicsdelcavall\/wp-json\/wp\/v2\/types\/page"}],"author":[{"embeddable":true,"href":"https:\/\/www.culturalvila-seca.cat\/amicsdelcavall\/wp-json\/wp\/v2\/users\/1"}],"replies":[{"embeddable":true,"href":"https:\/\/www.culturalvila-seca.cat\/amicsdelcavall\/wp-json\/wp\/v2\/comments?post=10"}],"version-history":[{"count":9,"href":"https:\/\/www.culturalvila-seca.cat\/amicsdelcavall\/wp-json\/wp\/v2\/pages\/10\/revisions"}],"predecessor-version":[{"id":93,"href":"https:\/\/www.culturalvila-seca.cat\/amicsdelcavall\/wp-json\/wp\/v2\/pages\/10\/revisions\/93"}],"wp:attachment":[{"href":"https:\/\/www.culturalvila-seca.cat\/amicsdelcavall\/wp-json\/wp\/v2\/media?parent=10"}],"curies":[{"name":"wp","href":"https:\/\/api.w.org\/{rel}","templated":true}]}}