{"id":6,"date":"2020-07-11T18:23:45","date_gmt":"2020-07-11T16:23:45","guid":{"rendered":"https:\/\/www.culturalvila-seca.cat\/amicsdelcavall\/?page_id=6"},"modified":"2020-08-18T18:15:11","modified_gmt":"2020-08-18T16:15:11","slug":"amics-del-cavall","status":"publish","type":"page","link":"https:\/\/www.culturalvila-seca.cat\/amicsdelcavall\/","title":{"rendered":"Amics del Cavall"},"content":{"rendered":"\n<div class=\"wp-block-group alignfull block_skew intro_subsite\"><div class=\"wp-block-group__inner-container is-layout-flow wp-block-group-is-layout-flow\"><h1>Amics del Cavall<\/h1>\n\n\n\n<h2 class=\"wp-block-heading\">Cavalls i cultura popular<\/h2>\n<\/div><\/div>\n\n\n\n<div class=\"wp-block-columns block_cols img_left block_link extended is-layout-flex wp-container-core-columns-is-layout-9d6595d7 wp-block-columns-is-layout-flex\">\n<div class=\"wp-block-column is-layout-flow wp-block-column-is-layout-flow\" style=\"flex-basis:50%\">\n<figure class=\"wp-block-image size-large\"><img loading=\"lazy\" decoding=\"async\" width=\"1000\" height=\"1000\" src=\"https:\/\/www.culturalvila-seca.cat\/amicsdelcavall\/wp-content\/uploads\/sites\/3\/2020\/07\/amics-cavall-01.jpg\" alt=\"Tres Tombs de Sant Antoni\" class=\"wp-image-75\" srcset=\"https:\/\/www.culturalvila-seca.cat\/amicsdelcavall\/wp-content\/uploads\/sites\/3\/2020\/07\/amics-cavall-01.jpg 1000w, https:\/\/www.culturalvila-seca.cat\/amicsdelcavall\/wp-content\/uploads\/sites\/3\/2020\/07\/amics-cavall-01-300x300.jpg 300w, https:\/\/www.culturalvila-seca.cat\/amicsdelcavall\/wp-content\/uploads\/sites\/3\/2020\/07\/amics-cavall-01-150x150.jpg 150w, https:\/\/www.culturalvila-seca.cat\/amicsdelcavall\/wp-content\/uploads\/sites\/3\/2020\/07\/amics-cavall-01-768x768.jpg 768w\" sizes=\"auto, (max-width: 1000px) 100vw, 1000px\" \/><figcaption>Tres Tombs de Sant Antoni<br>Fotografia: Xavi Sendra<\/figcaption><\/figure>\n\n\n\n<p><\/p>\n<\/div>\n\n\n\n<div class=\"wp-block-column is-layout-flow wp-block-column-is-layout-flow\" style=\"flex-basis:50%\">\n<h2 class=\"wp-block-heading\">Actius des de 2003 <\/h2>\n\n\n\n<div class=\"wp-block-group\"><div class=\"wp-block-group__inner-container is-layout-flow wp-block-group-is-layout-flow\">\n<p>Volem mostrar i promoure el m\u00f3n del cavall en aquelles activitats festives m\u00e9s tradicionals.<\/p>\n<\/div><\/div>\n\n\n\n<p><a href=\"https:\/\/www.culturalvila-seca.cat\/amicsdelcavall\/historia\/\">Coneix la nostra hist\u00f2ria<\/a><\/p>\n<\/div>\n<\/div>\n\n\n\n<p><\/p>\n","protected":false},"excerpt":{"rendered":"<p>Cavalls i cultura popular Actius des de 2003 Volem mostrar i promoure el m\u00f3n del cavall en aquelles activitats festives m\u00e9s tradicionals. Coneix la nostra hist\u00f2ria<\/p>\n","protected":false},"author":1,"featured_media":0,"parent":0,"menu_order":0,"comment_status":"closed","ping_status":"closed","template":"template_portada_subsite.php","meta":{"_acf_changed":false,"footnotes":""},"class_list":["post-6","page","type-page","status-publish","hentry"],"acf":[],"_links":{"self":[{"href":"https:\/\/www.culturalvila-seca.cat\/amicsdelcavall\/wp-json\/wp\/v2\/pages\/6","targetHints":{"allow":["GET"]}}],"collection":[{"href":"https:\/\/www.culturalvila-seca.cat\/amicsdelcavall\/wp-json\/wp\/v2\/pages"}],"about":[{"href":"https:\/\/www.culturalvila-seca.cat\/amicsdelcavall\/wp-json\/wp\/v2\/types\/page"}],"author":[{"embeddable":true,"href":"https:\/\/www.culturalvila-seca.cat\/amicsdelcavall\/wp-json\/wp\/v2\/users\/1"}],"replies":[{"embeddable":true,"href":"https:\/\/www.culturalvila-seca.cat\/amicsdelcavall\/wp-json\/wp\/v2\/comments?post=6"}],"version-history":[{"count":11,"href":"https:\/\/www.culturalvila-seca.cat\/amicsdelcavall\/wp-json\/wp\/v2\/pages\/6\/revisions"}],"predecessor-version":[{"id":90,"href":"https:\/\/www.culturalvila-seca.cat\/amicsdelcavall\/wp-json\/wp\/v2\/pages\/6\/revisions\/90"}],"wp:attachment":[{"href":"https:\/\/www.culturalvila-seca.cat\/amicsdelcavall\/wp-json\/wp\/v2\/media?parent=6"}],"curies":[{"name":"wp","href":"https:\/\/api.w.org\/{rel}","templated":true}]}}