{"id":6,"date":"2020-07-11T18:43:28","date_gmt":"2020-07-11T16:43:28","guid":{"rendered":"https:\/\/www.culturalvila-seca.cat\/art\/?page_id=6"},"modified":"2020-07-21T18:22:35","modified_gmt":"2020-07-21T16:22:35","slug":"seccio-art","status":"publish","type":"page","link":"https:\/\/www.culturalvila-seca.cat\/art\/","title":{"rendered":"Secci\u00f3 d\u2019Art"},"content":{"rendered":"\n<div class=\"wp-block-group alignfull block_skew intro_subsite\"><div class=\"wp-block-group__inner-container is-layout-flow wp-block-group-is-layout-flow\"><h1>Secci\u00f3 d\u2019Art<\/h1>\n\n\n\n<h2 class=\"wp-block-heading\">Ens expressem amb les arts pl\u00e0stiques i ho compartim amb tu <\/h2>\n<\/div><\/div>\n\n\n\n<div class=\"wp-block-columns block_cols img_left block_link extended is-layout-flex wp-container-core-columns-is-layout-9d6595d7 wp-block-columns-is-layout-flex\">\n<div class=\"wp-block-column is-layout-flow wp-block-column-is-layout-flow\" style=\"flex-basis:50%\">\n<figure class=\"wp-block-image size-large\"><img loading=\"lazy\" decoding=\"async\" width=\"1000\" height=\"1000\" src=\"https:\/\/www.culturalvila-seca.cat\/art\/wp-content\/uploads\/sites\/12\/2020\/07\/seccioArt1000.jpg\" alt=\"Noia pintant al Castell\" class=\"wp-image-56\" srcset=\"https:\/\/www.culturalvila-seca.cat\/art\/wp-content\/uploads\/sites\/12\/2020\/07\/seccioArt1000.jpg 1000w, https:\/\/www.culturalvila-seca.cat\/art\/wp-content\/uploads\/sites\/12\/2020\/07\/seccioArt1000-300x300.jpg 300w, https:\/\/www.culturalvila-seca.cat\/art\/wp-content\/uploads\/sites\/12\/2020\/07\/seccioArt1000-150x150.jpg 150w, https:\/\/www.culturalvila-seca.cat\/art\/wp-content\/uploads\/sites\/12\/2020\/07\/seccioArt1000-768x768.jpg 768w\" sizes=\"auto, (max-width: 1000px) 100vw, 1000px\" \/><\/figure>\n\n\n\n<p><\/p>\n<\/div>\n\n\n\n<div class=\"wp-block-column is-layout-flow wp-block-column-is-layout-flow\" style=\"flex-basis:50%\">\n<h2 class=\"wp-block-heading\">Som artistes<\/h2>\n\n\n\n<div class=\"wp-block-group\"><div class=\"wp-block-group__inner-container is-layout-flow wp-block-group-is-layout-flow\">\n<p>L\u2019art \u00e9s un coneixement valu\u00f3s per la societat. Gaudir-ne i aprendre a expressar-se per mitj\u00e0 dels llenguatges art\u00edstics, cultiva la nostra sensibilitat i ens ajuda a expressar els propis sentiments, posant-nos en relaci\u00f3 amb els dem\u00e9s.<\/p>\n<\/div><\/div>\n\n\n\n<p><a href=\"https:\/\/www.culturalvila-seca.cat\/art\/que-fem\/\">Mira tot el que fem<\/a><\/p>\n<\/div>\n<\/div>\n\n\n\n<div class=\"wp-block-group alignfull block_skew grey angle2 extended\"><div class=\"wp-block-group__inner-container is-layout-flow wp-block-group-is-layout-flow\">\n<h2 class=\"wp-block-heading\">Propers esdeveniments<\/h2>\n\n\n<section class=\"noticia_destacada\">\n<div class=\"wp-block-columns block_link block_noticia block_link extended  \">\n\t<div class=\"wp-block-column foto_noticia\">\n\t\t<figure class=\"wp-block-image alignwide size-large relocatable\">\n\t\t<img loading=\"lazy\" decoding=\"async\" width=\"240\" height=\"300\" src=\"https:\/\/www.culturalvila-seca.cat\/art\/wp-content\/uploads\/sites\/12\/2025\/11\/cartellexpo-240x300.png\" class=\"attachment-medium size-medium wp-post-image\" alt=\"\" srcset=\"https:\/\/www.culturalvila-seca.cat\/art\/wp-content\/uploads\/sites\/12\/2025\/11\/cartellexpo-240x300.png 240w, https:\/\/www.culturalvila-seca.cat\/art\/wp-content\/uploads\/sites\/12\/2025\/11\/cartellexpo-819x1024.png 819w, https:\/\/www.culturalvila-seca.cat\/art\/wp-content\/uploads\/sites\/12\/2025\/11\/cartellexpo-768x960.png 768w, https:\/\/www.culturalvila-seca.cat\/art\/wp-content\/uploads\/sites\/12\/2025\/11\/cartellexpo.png 1080w\" sizes=\"auto, (max-width: 240px) 100vw, 240px\" \/>\t\t<figcaption><\/figcaption>\n\t\t<\/figure>\n\t<\/div>\n\t<div class=\"wp-block-column text_noticia\">\n\t\n\t\t<div class=\"titol\">\n\t\t\t\t<h3>Exposici\u00f3 del XVII Concurs de Pintura R\u00e0pida<\/h3>\n\t\t\t\t\t\t\t\t<\/div>\n\t\t<p>Us convidem a visitar l\u2019exposici\u00f3 del XVII Concurs de pintura r\u00e0pida que s\u2019inaugurar\u00e0 dimecres, 19 de novembre, i romandr\u00e0 a l&#8217;Espai Kies del Castell de Vila-seca fins el 5 de gener de 2026. All\u00e0 podreu comprar tamb\u00e9 les obres exposades al preu indicat.<\/p>\n\t\t\n\t\t\n\t\t<p class=\"article_actions\">\n\t\t\n\t\t\t<a href=\"https:\/\/www.culturalvila-seca.cat\/art\/actualitat\/exposicio-del-xvii-concurs-de-pintura-rapida\/\" >\n\t\t\t\t<i class=\"fas fa-chevron-right\"><\/i> Llegeix m\u00e9s\n\t\t\t<\/a>\n\t\t\t\t\t\t\t\t<\/p>\n\n\n\t<\/div>\n<\/div><\/section>\n<\/div><\/div>\n","protected":false},"excerpt":{"rendered":"<p>Ens expressem amb les arts pl\u00e0stiques i ho compartim amb tu Som artistes L\u2019art \u00e9s un coneixement valu\u00f3s per la societat. Gaudir-ne i aprendre a expressar-se per mitj\u00e0 dels llenguatges art\u00edstics, cultiva la nostra sensibilitat i ens ajuda a expressar els propis sentiments, posant-nos en relaci\u00f3 amb els dem\u00e9s. Mira tot el que fem Propers [&hellip;]<\/p>\n","protected":false},"author":1,"featured_media":45,"parent":0,"menu_order":0,"comment_status":"closed","ping_status":"closed","template":"template_portada_subsite.php","meta":{"_acf_changed":false,"footnotes":""},"class_list":["post-6","page","type-page","status-publish","has-post-thumbnail","hentry"],"acf":[],"_links":{"self":[{"href":"https:\/\/www.culturalvila-seca.cat\/art\/wp-json\/wp\/v2\/pages\/6","targetHints":{"allow":["GET"]}}],"collection":[{"href":"https:\/\/www.culturalvila-seca.cat\/art\/wp-json\/wp\/v2\/pages"}],"about":[{"href":"https:\/\/www.culturalvila-seca.cat\/art\/wp-json\/wp\/v2\/types\/page"}],"author":[{"embeddable":true,"href":"https:\/\/www.culturalvila-seca.cat\/art\/wp-json\/wp\/v2\/users\/1"}],"replies":[{"embeddable":true,"href":"https:\/\/www.culturalvila-seca.cat\/art\/wp-json\/wp\/v2\/comments?post=6"}],"version-history":[{"count":15,"href":"https:\/\/www.culturalvila-seca.cat\/art\/wp-json\/wp\/v2\/pages\/6\/revisions"}],"predecessor-version":[{"id":85,"href":"https:\/\/www.culturalvila-seca.cat\/art\/wp-json\/wp\/v2\/pages\/6\/revisions\/85"}],"wp:featuredmedia":[{"embeddable":true,"href":"https:\/\/www.culturalvila-seca.cat\/art\/wp-json\/wp\/v2\/media\/45"}],"wp:attachment":[{"href":"https:\/\/www.culturalvila-seca.cat\/art\/wp-json\/wp\/v2\/media?parent=6"}],"curies":[{"name":"wp","href":"https:\/\/api.w.org\/{rel}","templated":true}]}}