{"id":6,"date":"2020-07-11T18:42:13","date_gmt":"2020-07-11T16:42:13","guid":{"rendered":"https:\/\/www.culturalvila-seca.cat\/cavallalat\/?page_id=6"},"modified":"2020-07-21T17:58:25","modified_gmt":"2020-07-21T15:58:25","slug":"portants-del-cavall-alat","status":"publish","type":"page","link":"https:\/\/www.culturalvila-seca.cat\/cavallalat\/","title":{"rendered":"Portants del Cavall Alat"},"content":{"rendered":"\n<div class=\"wp-block-group alignfull block_skew intro_subsite\"><div class=\"wp-block-group__inner-container is-layout-flow wp-block-group-is-layout-flow\"><h1>Portants del Cavall Alat<\/h1>\n\n\n\n<h2 class=\"wp-block-heading\">Orgull i emblema de la ciutat<\/h2>\n<\/div><\/div>\n\n\n\n<div class=\"wp-block-columns block_cols img_left block_link extended is-layout-flex wp-container-core-columns-is-layout-9d6595d7 wp-block-columns-is-layout-flex\">\n<div class=\"wp-block-column is-layout-flow wp-block-column-is-layout-flow\" style=\"flex-basis:50%\">\n<figure class=\"wp-block-image size-large\"><img loading=\"lazy\" decoding=\"async\" width=\"1000\" height=\"1000\" src=\"https:\/\/www.culturalvila-seca.cat\/cavallalat\/wp-content\/uploads\/sites\/11\/2020\/07\/alat01.jpg\" alt=\"Portants del Cavall Alat\" class=\"wp-image-48\" srcset=\"https:\/\/www.culturalvila-seca.cat\/cavallalat\/wp-content\/uploads\/sites\/11\/2020\/07\/alat01.jpg 1000w, https:\/\/www.culturalvila-seca.cat\/cavallalat\/wp-content\/uploads\/sites\/11\/2020\/07\/alat01-300x300.jpg 300w, https:\/\/www.culturalvila-seca.cat\/cavallalat\/wp-content\/uploads\/sites\/11\/2020\/07\/alat01-150x150.jpg 150w, https:\/\/www.culturalvila-seca.cat\/cavallalat\/wp-content\/uploads\/sites\/11\/2020\/07\/alat01-768x768.jpg 768w\" sizes=\"auto, (max-width: 1000px) 100vw, 1000px\" \/><\/figure>\n\n\n\n<p><\/p>\n<\/div>\n\n\n\n<div class=\"wp-block-column is-layout-flow wp-block-column-is-layout-flow\" style=\"flex-basis:50%\">\n<h2 class=\"wp-block-heading\">El cavall, sempre present a les festes<\/h2>\n\n\n\n<div class=\"wp-block-group\"><div class=\"wp-block-group__inner-container is-layout-flow wp-block-group-is-layout-flow\">\n<p>Som els Portants del Cavall Alat, element del bestiari popular i emblema distintiu de Vila-seca.<\/p>\n<\/div><\/div>\n\n\n\n<p><a href=\"https:\/\/www.culturalvila-seca.cat\/cavallalat\/historia\/\">T&#8217;expliquem la nostra petita hist\u00f2ria <\/a><\/p>\n<\/div>\n<\/div>\n\n\n\n<div class=\"wp-block-group alignfull block_skew grey angle1 extended\"><div class=\"wp-block-group__inner-container is-layout-flow wp-block-group-is-layout-flow\">\n<h2 class=\"wp-block-heading\">Propers esdeveniments<\/h2>\n\n\n<section class=\"noticia_destacada\">\n<div class=\"wp-block-columns block_link block_noticia block_link extended  text_only\">\n\t<div class=\"wp-block-column text_noticia\">\n\t\n\t\t<div class=\"titol\">\n\t\t\t\t<h3>Els portants del Cavall Alat reben una subvenci\u00f3 de la Diputaci\u00f3<\/h3>\n\t\t\t\t\t\t\t\t<\/div>\n\t\t<p>La Diputaci\u00f3 de Tarragona ha donat una subvenci\u00f3 de 485,06 euros als portants del cavall alat (Secci\u00f3 de l&#8217;Agrupaci\u00f3 Cultural de Vila-seca) en concepte d&#8217;adquisici\u00f3 d&#8217;un port\u00e0til per la gesti\u00f3 de la secci\u00f3.<\/p>\n\t\t\n\t\t\n\t\t<p class=\"article_actions\">\n\t\t\n\t\t\t<a href=\"https:\/\/www.culturalvila-seca.cat\/cavallalat\/actualitat\/els-portants-del-cavall-alat-reben-una-subvencio-de-la-diputacio\/\" >\n\t\t\t\t<i class=\"fas fa-chevron-right\"><\/i> Llegeix m\u00e9s\n\t\t\t<\/a>\n\t\t\t\t\t\t\t\t<\/p>\n\n\n\t<\/div>\n<\/div><\/section>\n<\/div><\/div>\n\n\n\n<div class=\"wp-block-columns block_cols img_right block_link extended is-layout-flex wp-container-core-columns-is-layout-9d6595d7 wp-block-columns-is-layout-flex\">\n<div class=\"wp-block-column is-layout-flow wp-block-column-is-layout-flow\" style=\"flex-basis:50%\">\n<h2 class=\"wp-block-heading\">La festa \u00e9s el nostre ambient natural<\/h2>\n\n\n\n<p>Som un grup plural, ben acompanyat per uns bons m\u00fasics<\/p>\n\n\n\n<p><a href=\"https:\/\/www.culturalvila-seca.cat\/cavallalat\/que-fem\/\">M\u00e9s coses et volem explicar, mira!<\/a><\/p>\n\n\n\n<p><\/p>\n<\/div>\n\n\n\n<div class=\"wp-block-column is-layout-flow wp-block-column-is-layout-flow\" style=\"flex-basis:50%\">\n<figure class=\"wp-block-image size-large\"><img loading=\"lazy\" decoding=\"async\" width=\"1000\" height=\"1000\" src=\"https:\/\/www.culturalvila-seca.cat\/cavallalat\/wp-content\/uploads\/sites\/11\/2020\/07\/alat02.jpg\" alt=\"\" class=\"wp-image-51\" srcset=\"https:\/\/www.culturalvila-seca.cat\/cavallalat\/wp-content\/uploads\/sites\/11\/2020\/07\/alat02.jpg 1000w, https:\/\/www.culturalvila-seca.cat\/cavallalat\/wp-content\/uploads\/sites\/11\/2020\/07\/alat02-300x300.jpg 300w, https:\/\/www.culturalvila-seca.cat\/cavallalat\/wp-content\/uploads\/sites\/11\/2020\/07\/alat02-150x150.jpg 150w, https:\/\/www.culturalvila-seca.cat\/cavallalat\/wp-content\/uploads\/sites\/11\/2020\/07\/alat02-768x768.jpg 768w\" sizes=\"auto, (max-width: 1000px) 100vw, 1000px\" \/><\/figure>\n\n\n\n<div class=\"wp-block-group is-layout-flow wp-block-group-is-layout-flow\"><div class=\"wp-block-group__inner-container\"><\/div><\/div>\n<\/div>\n<\/div>\n","protected":false},"excerpt":{"rendered":"<p>Orgull i emblema de la ciutat El cavall, sempre present a les festes Som els Portants del Cavall Alat, element del bestiari popular i emblema distintiu de Vila-seca. T&#8217;expliquem la nostra petita hist\u00f2ria Propers esdeveniments La festa \u00e9s el nostre ambient natural Som un grup plural, ben acompanyat per uns bons m\u00fasics M\u00e9s coses et [&hellip;]<\/p>\n","protected":false},"author":1,"featured_media":88,"parent":0,"menu_order":0,"comment_status":"closed","ping_status":"closed","template":"template_portada_subsite.php","meta":{"_acf_changed":false,"footnotes":""},"class_list":["post-6","page","type-page","status-publish","has-post-thumbnail","hentry"],"acf":[],"_links":{"self":[{"href":"https:\/\/www.culturalvila-seca.cat\/cavallalat\/wp-json\/wp\/v2\/pages\/6","targetHints":{"allow":["GET"]}}],"collection":[{"href":"https:\/\/www.culturalvila-seca.cat\/cavallalat\/wp-json\/wp\/v2\/pages"}],"about":[{"href":"https:\/\/www.culturalvila-seca.cat\/cavallalat\/wp-json\/wp\/v2\/types\/page"}],"author":[{"embeddable":true,"href":"https:\/\/www.culturalvila-seca.cat\/cavallalat\/wp-json\/wp\/v2\/users\/1"}],"replies":[{"embeddable":true,"href":"https:\/\/www.culturalvila-seca.cat\/cavallalat\/wp-json\/wp\/v2\/comments?post=6"}],"version-history":[{"count":11,"href":"https:\/\/www.culturalvila-seca.cat\/cavallalat\/wp-json\/wp\/v2\/pages\/6\/revisions"}],"predecessor-version":[{"id":95,"href":"https:\/\/www.culturalvila-seca.cat\/cavallalat\/wp-json\/wp\/v2\/pages\/6\/revisions\/95"}],"wp:featuredmedia":[{"embeddable":true,"href":"https:\/\/www.culturalvila-seca.cat\/cavallalat\/wp-json\/wp\/v2\/media\/88"}],"wp:attachment":[{"href":"https:\/\/www.culturalvila-seca.cat\/cavallalat\/wp-json\/wp\/v2\/media?parent=6"}],"curies":[{"name":"wp","href":"https:\/\/api.w.org\/{rel}","templated":true}]}}