{"id":8,"date":"2020-07-11T18:51:30","date_gmt":"2020-07-11T16:51:30","guid":{"rendered":"https:\/\/www.culturalvila-seca.cat\/cavallalat\/?page_id=8"},"modified":"2020-09-02T17:52:54","modified_gmt":"2020-09-02T15:52:54","slug":"presentacio","status":"publish","type":"page","link":"https:\/\/www.culturalvila-seca.cat\/cavallalat\/presentacio\/","title":{"rendered":"Presentaci\u00f3"},"content":{"rendered":"\n<p><\/p>\n\n\n\n<div class=\"wp-block-group alignfull block_skew intro_pagina\"><div class=\"wp-block-group__inner-container is-layout-flow wp-block-group-is-layout-flow\"><h1>Presentaci\u00f3<\/h1>\n\n\n\n<p>Formar part dels portadors del Cavall Alat \u00e9s un orgull per a qualsevol habitant de Vila-seca.<\/p>\n<\/div><\/div>\n\n\n\n<h3 class=\"wp-block-heading\">Una assignatura pendent<\/h3>\n\n\n\n<p>A finals dels anys seixanta i al llarg dels setanta del segle passat, es produeix a Catalunya la recuperaci\u00f3 de manifestacions festives populars. Danses, balls i figures surten al carrer per fer cercaviles, correfocs, trobades castelleres i seguicis, que en un principi tenen la funci\u00f3 d\u2019acompanyament, per\u00f2 que aviat constituiran un fet festiu particular.<\/p>\n\n\n\n<p>A Vila-seca, mitjan\u00e7ant els Gegants i Capgrossos, les danses i balls de l\u2019Esbart Ramon d\u2019Olzina, el Ball de Diables o els Xiquets de Vila-seca es produeix la recuperaci\u00f3 de les tradicions populars, a les quals s\u2019afegir\u00e0, ja en aquest segle, els Trabucaires.<\/p>\n\n\n\n<figure class=\"wp-block-image size-large\"><img loading=\"lazy\" decoding=\"async\" width=\"1024\" height=\"683\" src=\"https:\/\/www.culturalvila-seca.cat\/cavallalat\/wp-content\/uploads\/sites\/11\/2020\/07\/MG_3329-1024x683.jpg\" alt=\"\" class=\"wp-image-61\" srcset=\"https:\/\/www.culturalvila-seca.cat\/cavallalat\/wp-content\/uploads\/sites\/11\/2020\/07\/MG_3329-1024x683.jpg 1024w, https:\/\/www.culturalvila-seca.cat\/cavallalat\/wp-content\/uploads\/sites\/11\/2020\/07\/MG_3329-300x200.jpg 300w, https:\/\/www.culturalvila-seca.cat\/cavallalat\/wp-content\/uploads\/sites\/11\/2020\/07\/MG_3329-768x512.jpg 768w, https:\/\/www.culturalvila-seca.cat\/cavallalat\/wp-content\/uploads\/sites\/11\/2020\/07\/MG_3329-1536x1024.jpg 1536w, https:\/\/www.culturalvila-seca.cat\/cavallalat\/wp-content\/uploads\/sites\/11\/2020\/07\/MG_3329-2048x1366.jpg 2048w\" sizes=\"auto, (max-width: 1024px) 100vw, 1024px\" \/><\/figure>\n\n\n\n<p>Malgrat tot, encara faltava com a m\u00ednim un element per fer m\u00e9s completa aquesta recuperaci\u00f3. Un element que hauria de tenir a veure amb el bestiari popular catal\u00e0 i que, igual que \u00e0ligues, lleons o mulasses d\u2019altres llocs, fos l\u2019emblema distintiu de la nostra ciutat i a la vegada serv\u00eds per fer cr\u00e9ixer el Seguici de Vila-seca.<\/p>\n\n\n\n<h3 class=\"wp-block-heading\">Arriba el Cavall Alat<\/h3>\n\n\n\n<p>Despr\u00e9s d\u2019un proc\u00e9s creatiu que ha begut de la m\u00e9s profunda tradici\u00f3 de les festes de Vila-seca, el C\u00f3s de Sant Antoni, curses de cavalls declarades \u201cElement Festiu Tradicional d\u2019Inter\u00e8s Nacional\u201d, va sorgir el Cavall Alat, com una combinaci\u00f3 de figura real, el cavall, i de mitol\u00f2gica, Pegasus, pr\u00f2pia d\u2019aquest bestiari popular que ha tingut el seu origen en el teatre medieval i les processons del Corpus Christie.<\/p>\n\n\n\n<figure class=\"wp-block-embed-youtube wp-block-embed is-type-video is-provider-youtube wp-embed-aspect-16-9 wp-has-aspect-ratio\"><div class=\"wp-block-embed__wrapper\">\n<iframe loading=\"lazy\" title=\"Vila-seca estrena el cavall alat, creat per l&#039;artes\u00e0 Antoni Mas\" width=\"640\" height=\"360\" src=\"https:\/\/www.youtube.com\/embed\/St61vkQTFVc?feature=oembed\" frameborder=\"0\" allow=\"accelerometer; autoplay; clipboard-write; encrypted-media; gyroscope; picture-in-picture; web-share\" referrerpolicy=\"strict-origin-when-cross-origin\" allowfullscreen><\/iframe>\n<\/div><\/figure>\n\n\n\n<p>Obra de l\u2019escultor i ferrer vila-sec\u00e0, Antoni Mas, \u00e9s una figura de cavall articulada que vol recordar les antigues joguines.<\/p>\n\n\n\n<p>Va ser estrenada l\u2019any 2019 per la Festa Major de Sant Antoni sota el padrinatge de l\u2019\u00c0liga de Tarragona i el Lle\u00f3 de Reus.<\/p>\n\n\n\n<figure class=\"wp-block-image size-large\"><img loading=\"lazy\" decoding=\"async\" width=\"1024\" height=\"683\" src=\"https:\/\/www.culturalvila-seca.cat\/cavallalat\/wp-content\/uploads\/sites\/11\/2020\/07\/MG_3344-1024x683.jpg\" alt=\"\" class=\"wp-image-59\" srcset=\"https:\/\/www.culturalvila-seca.cat\/cavallalat\/wp-content\/uploads\/sites\/11\/2020\/07\/MG_3344-1024x683.jpg 1024w, https:\/\/www.culturalvila-seca.cat\/cavallalat\/wp-content\/uploads\/sites\/11\/2020\/07\/MG_3344-300x200.jpg 300w, https:\/\/www.culturalvila-seca.cat\/cavallalat\/wp-content\/uploads\/sites\/11\/2020\/07\/MG_3344-768x512.jpg 768w, https:\/\/www.culturalvila-seca.cat\/cavallalat\/wp-content\/uploads\/sites\/11\/2020\/07\/MG_3344-1536x1024.jpg 1536w, https:\/\/www.culturalvila-seca.cat\/cavallalat\/wp-content\/uploads\/sites\/11\/2020\/07\/MG_3344-2048x1365.jpg 2048w\" sizes=\"auto, (max-width: 1024px) 100vw, 1024px\" \/><\/figure>\n\n\n\n<h3 class=\"wp-block-heading\">M\u00fasica i complements<\/h3>\n\n\n\n<p>Amb m\u00fasica del compositor Antoni Alburquerque, que va crear dos peces, una solemne, \u201cball solemne del Cavall Alat de Vila-seca\u201d, i una altra de festiva, el pasdoble \u201cel Cavalat de Vila-seca\u201d. Aquestes peces, i altres de festives, s\u00f3n interpretades normalment per la \u201cTxaranga Band Tocats\u201d, que \u00e9s l\u2019encarregada fer l\u2019acompanyament. La coreografia \u00e9s obra del Mari\u00e0 Gil, concebuda com un aut\u00e8ntic ballet eq\u00fcestre on el portador condueix l\u2019element amb l\u2019eleg\u00e0ncia i l\u2019estil dels pura sang. Els vestits dels portadors s\u00f3n creaci\u00f3 de Mar Altadill, sobre la idea de crear una roba elegant qu\u00e8 es fusioni amb la figura, per fer un \u00fanic element, d\u2019aqu\u00ed els colors platejats que presenta. El color morat dels accessoris \u00e9s el color t\u00edpic del Camp de Tarragona.<\/p>\n\n\n\n<h3 class=\"wp-block-heading\">Un emblema per a la ciutat<\/h3>\n\n\n\n<p>Ser portador del Cavall Alat \u00e9s un orgull per a qualsevol habitant de Vila-seca. Un orgull pel seu significat i la solemnitat que li d\u00f3na ser l\u2019emblema de la ciutat, per\u00f2 tamb\u00e9 \u00e9s una festa plena d\u2019alegria junt amb tots els elements d\u2019un seguici que cada vegada m\u00e9s t\u00e9 un lloc preeminent en la nostra societat.<\/p>\n\n\n\n<figure class=\"wp-block-gallery columns-3 is-cropped wp-block-gallery-1 is-layout-flex wp-block-gallery-is-layout-flex\"><ul class=\"blocks-gallery-grid\"><li class=\"blocks-gallery-item\"><figure><a href=\"https:\/\/www.culturalvila-seca.cat\/cavallalat\/wp-content\/uploads\/sites\/11\/2020\/07\/MG_3245-scaled.jpg\"><img loading=\"lazy\" decoding=\"async\" width=\"1024\" height=\"683\" src=\"https:\/\/www.culturalvila-seca.cat\/cavallalat\/wp-content\/uploads\/sites\/11\/2020\/07\/MG_3245-1024x683.jpg\" alt=\"\" data-id=\"72\" data-full-url=\"https:\/\/www.culturalvila-seca.cat\/cavallalat\/wp-content\/uploads\/sites\/11\/2020\/07\/MG_3245-scaled.jpg\" data-link=\"https:\/\/www.culturalvila-seca.cat\/cavallalat\/_mg_3245\/\" class=\"wp-image-72\" srcset=\"https:\/\/www.culturalvila-seca.cat\/cavallalat\/wp-content\/uploads\/sites\/11\/2020\/07\/MG_3245-1024x683.jpg 1024w, https:\/\/www.culturalvila-seca.cat\/cavallalat\/wp-content\/uploads\/sites\/11\/2020\/07\/MG_3245-300x200.jpg 300w, https:\/\/www.culturalvila-seca.cat\/cavallalat\/wp-content\/uploads\/sites\/11\/2020\/07\/MG_3245-768x512.jpg 768w, https:\/\/www.culturalvila-seca.cat\/cavallalat\/wp-content\/uploads\/sites\/11\/2020\/07\/MG_3245-1536x1024.jpg 1536w, https:\/\/www.culturalvila-seca.cat\/cavallalat\/wp-content\/uploads\/sites\/11\/2020\/07\/MG_3245-2048x1365.jpg 2048w\" sizes=\"auto, (max-width: 1024px) 100vw, 1024px\" \/><\/a><\/figure><\/li><li class=\"blocks-gallery-item\"><figure><a href=\"https:\/\/www.culturalvila-seca.cat\/cavallalat\/wp-content\/uploads\/sites\/11\/2020\/07\/MG_3277-scaled.jpg\"><img loading=\"lazy\" decoding=\"async\" width=\"683\" height=\"1024\" src=\"https:\/\/www.culturalvila-seca.cat\/cavallalat\/wp-content\/uploads\/sites\/11\/2020\/07\/MG_3277-683x1024.jpg\" alt=\"\" data-id=\"71\" data-full-url=\"https:\/\/www.culturalvila-seca.cat\/cavallalat\/wp-content\/uploads\/sites\/11\/2020\/07\/MG_3277-scaled.jpg\" data-link=\"https:\/\/www.culturalvila-seca.cat\/cavallalat\/_mg_3277\/\" class=\"wp-image-71\" srcset=\"https:\/\/www.culturalvila-seca.cat\/cavallalat\/wp-content\/uploads\/sites\/11\/2020\/07\/MG_3277-683x1024.jpg 683w, https:\/\/www.culturalvila-seca.cat\/cavallalat\/wp-content\/uploads\/sites\/11\/2020\/07\/MG_3277-200x300.jpg 200w, https:\/\/www.culturalvila-seca.cat\/cavallalat\/wp-content\/uploads\/sites\/11\/2020\/07\/MG_3277-768x1152.jpg 768w, https:\/\/www.culturalvila-seca.cat\/cavallalat\/wp-content\/uploads\/sites\/11\/2020\/07\/MG_3277-1024x1536.jpg 1024w, https:\/\/www.culturalvila-seca.cat\/cavallalat\/wp-content\/uploads\/sites\/11\/2020\/07\/MG_3277-1365x2048.jpg 1365w, https:\/\/www.culturalvila-seca.cat\/cavallalat\/wp-content\/uploads\/sites\/11\/2020\/07\/MG_3277-scaled.jpg 1707w\" sizes=\"auto, (max-width: 683px) 100vw, 683px\" \/><\/a><\/figure><\/li><li class=\"blocks-gallery-item\"><figure><a href=\"https:\/\/www.culturalvila-seca.cat\/cavallalat\/wp-content\/uploads\/sites\/11\/2020\/07\/MG_3328-scaled.jpg\"><img loading=\"lazy\" decoding=\"async\" width=\"1024\" height=\"683\" src=\"https:\/\/www.culturalvila-seca.cat\/cavallalat\/wp-content\/uploads\/sites\/11\/2020\/07\/MG_3328-1024x683.jpg\" alt=\"\" data-id=\"70\" data-full-url=\"https:\/\/www.culturalvila-seca.cat\/cavallalat\/wp-content\/uploads\/sites\/11\/2020\/07\/MG_3328-scaled.jpg\" data-link=\"https:\/\/www.culturalvila-seca.cat\/cavallalat\/_mg_3328\/\" class=\"wp-image-70\" srcset=\"https:\/\/www.culturalvila-seca.cat\/cavallalat\/wp-content\/uploads\/sites\/11\/2020\/07\/MG_3328-1024x683.jpg 1024w, https:\/\/www.culturalvila-seca.cat\/cavallalat\/wp-content\/uploads\/sites\/11\/2020\/07\/MG_3328-300x200.jpg 300w, https:\/\/www.culturalvila-seca.cat\/cavallalat\/wp-content\/uploads\/sites\/11\/2020\/07\/MG_3328-768x512.jpg 768w, https:\/\/www.culturalvila-seca.cat\/cavallalat\/wp-content\/uploads\/sites\/11\/2020\/07\/MG_3328-1536x1024.jpg 1536w, https:\/\/www.culturalvila-seca.cat\/cavallalat\/wp-content\/uploads\/sites\/11\/2020\/07\/MG_3328-2048x1365.jpg 2048w\" sizes=\"auto, (max-width: 1024px) 100vw, 1024px\" \/><\/a><\/figure><\/li><li class=\"blocks-gallery-item\"><figure><a href=\"https:\/\/www.culturalvila-seca.cat\/cavallalat\/wp-content\/uploads\/sites\/11\/2020\/07\/MG_3270-scaled.jpg\"><img loading=\"lazy\" decoding=\"async\" width=\"1024\" height=\"683\" src=\"https:\/\/www.culturalvila-seca.cat\/cavallalat\/wp-content\/uploads\/sites\/11\/2020\/07\/MG_3270-1024x683.jpg\" alt=\"\" data-id=\"69\" data-full-url=\"https:\/\/www.culturalvila-seca.cat\/cavallalat\/wp-content\/uploads\/sites\/11\/2020\/07\/MG_3270-scaled.jpg\" data-link=\"https:\/\/www.culturalvila-seca.cat\/cavallalat\/_mg_3270\/\" class=\"wp-image-69\" srcset=\"https:\/\/www.culturalvila-seca.cat\/cavallalat\/wp-content\/uploads\/sites\/11\/2020\/07\/MG_3270-1024x683.jpg 1024w, https:\/\/www.culturalvila-seca.cat\/cavallalat\/wp-content\/uploads\/sites\/11\/2020\/07\/MG_3270-300x200.jpg 300w, https:\/\/www.culturalvila-seca.cat\/cavallalat\/wp-content\/uploads\/sites\/11\/2020\/07\/MG_3270-768x512.jpg 768w, https:\/\/www.culturalvila-seca.cat\/cavallalat\/wp-content\/uploads\/sites\/11\/2020\/07\/MG_3270-1536x1024.jpg 1536w, https:\/\/www.culturalvila-seca.cat\/cavallalat\/wp-content\/uploads\/sites\/11\/2020\/07\/MG_3270-2048x1365.jpg 2048w\" sizes=\"auto, (max-width: 1024px) 100vw, 1024px\" \/><\/a><\/figure><\/li><li class=\"blocks-gallery-item\"><figure><a href=\"https:\/\/www.culturalvila-seca.cat\/cavallalat\/wp-content\/uploads\/sites\/11\/2020\/07\/MG_3326-scaled.jpg\"><img loading=\"lazy\" decoding=\"async\" width=\"1024\" height=\"683\" src=\"https:\/\/www.culturalvila-seca.cat\/cavallalat\/wp-content\/uploads\/sites\/11\/2020\/07\/MG_3326-1024x683.jpg\" alt=\"\" data-id=\"66\" data-full-url=\"https:\/\/www.culturalvila-seca.cat\/cavallalat\/wp-content\/uploads\/sites\/11\/2020\/07\/MG_3326-scaled.jpg\" data-link=\"https:\/\/www.culturalvila-seca.cat\/cavallalat\/_mg_3326\/\" class=\"wp-image-66\" srcset=\"https:\/\/www.culturalvila-seca.cat\/cavallalat\/wp-content\/uploads\/sites\/11\/2020\/07\/MG_3326-1024x683.jpg 1024w, https:\/\/www.culturalvila-seca.cat\/cavallalat\/wp-content\/uploads\/sites\/11\/2020\/07\/MG_3326-300x200.jpg 300w, https:\/\/www.culturalvila-seca.cat\/cavallalat\/wp-content\/uploads\/sites\/11\/2020\/07\/MG_3326-768x512.jpg 768w, https:\/\/www.culturalvila-seca.cat\/cavallalat\/wp-content\/uploads\/sites\/11\/2020\/07\/MG_3326-1536x1024.jpg 1536w, https:\/\/www.culturalvila-seca.cat\/cavallalat\/wp-content\/uploads\/sites\/11\/2020\/07\/MG_3326-2048x1365.jpg 2048w\" sizes=\"auto, (max-width: 1024px) 100vw, 1024px\" \/><\/a><\/figure><\/li><li class=\"blocks-gallery-item\"><figure><a href=\"https:\/\/www.culturalvila-seca.cat\/cavallalat\/wp-content\/uploads\/sites\/11\/2020\/07\/MG_3253-scaled.jpg\"><img loading=\"lazy\" decoding=\"async\" width=\"1024\" height=\"683\" src=\"https:\/\/www.culturalvila-seca.cat\/cavallalat\/wp-content\/uploads\/sites\/11\/2020\/07\/MG_3253-1024x683.jpg\" alt=\"\" data-id=\"65\" data-full-url=\"https:\/\/www.culturalvila-seca.cat\/cavallalat\/wp-content\/uploads\/sites\/11\/2020\/07\/MG_3253-scaled.jpg\" data-link=\"https:\/\/www.culturalvila-seca.cat\/cavallalat\/_mg_3253\/\" class=\"wp-image-65\" srcset=\"https:\/\/www.culturalvila-seca.cat\/cavallalat\/wp-content\/uploads\/sites\/11\/2020\/07\/MG_3253-1024x683.jpg 1024w, https:\/\/www.culturalvila-seca.cat\/cavallalat\/wp-content\/uploads\/sites\/11\/2020\/07\/MG_3253-300x200.jpg 300w, https:\/\/www.culturalvila-seca.cat\/cavallalat\/wp-content\/uploads\/sites\/11\/2020\/07\/MG_3253-768x512.jpg 768w, https:\/\/www.culturalvila-seca.cat\/cavallalat\/wp-content\/uploads\/sites\/11\/2020\/07\/MG_3253-1536x1024.jpg 1536w, https:\/\/www.culturalvila-seca.cat\/cavallalat\/wp-content\/uploads\/sites\/11\/2020\/07\/MG_3253-2048x1366.jpg 2048w\" sizes=\"auto, (max-width: 1024px) 100vw, 1024px\" \/><\/a><\/figure><\/li><li class=\"blocks-gallery-item\"><figure><a href=\"https:\/\/www.culturalvila-seca.cat\/cavallalat\/wp-content\/uploads\/sites\/11\/2020\/07\/MG_3236-scaled.jpg\"><img loading=\"lazy\" decoding=\"async\" width=\"1024\" height=\"683\" src=\"https:\/\/www.culturalvila-seca.cat\/cavallalat\/wp-content\/uploads\/sites\/11\/2020\/07\/MG_3236-1024x683.jpg\" alt=\"\" data-id=\"63\" data-full-url=\"https:\/\/www.culturalvila-seca.cat\/cavallalat\/wp-content\/uploads\/sites\/11\/2020\/07\/MG_3236-scaled.jpg\" data-link=\"https:\/\/www.culturalvila-seca.cat\/cavallalat\/_mg_3236\/\" class=\"wp-image-63\" srcset=\"https:\/\/www.culturalvila-seca.cat\/cavallalat\/wp-content\/uploads\/sites\/11\/2020\/07\/MG_3236-1024x683.jpg 1024w, https:\/\/www.culturalvila-seca.cat\/cavallalat\/wp-content\/uploads\/sites\/11\/2020\/07\/MG_3236-300x200.jpg 300w, https:\/\/www.culturalvila-seca.cat\/cavallalat\/wp-content\/uploads\/sites\/11\/2020\/07\/MG_3236-768x512.jpg 768w, https:\/\/www.culturalvila-seca.cat\/cavallalat\/wp-content\/uploads\/sites\/11\/2020\/07\/MG_3236-1536x1024.jpg 1536w, https:\/\/www.culturalvila-seca.cat\/cavallalat\/wp-content\/uploads\/sites\/11\/2020\/07\/MG_3236-2048x1365.jpg 2048w\" sizes=\"auto, (max-width: 1024px) 100vw, 1024px\" \/><\/a><\/figure><\/li><li class=\"blocks-gallery-item\"><figure><a href=\"https:\/\/www.culturalvila-seca.cat\/cavallalat\/wp-content\/uploads\/sites\/11\/2020\/07\/MG_3365-scaled.jpg\"><img loading=\"lazy\" decoding=\"async\" width=\"1024\" height=\"683\" src=\"https:\/\/www.culturalvila-seca.cat\/cavallalat\/wp-content\/uploads\/sites\/11\/2020\/07\/MG_3365-1024x683.jpg\" alt=\"\" data-id=\"58\" data-full-url=\"https:\/\/www.culturalvila-seca.cat\/cavallalat\/wp-content\/uploads\/sites\/11\/2020\/07\/MG_3365-scaled.jpg\" data-link=\"https:\/\/www.culturalvila-seca.cat\/cavallalat\/_mg_3365\/\" class=\"wp-image-58\" srcset=\"https:\/\/www.culturalvila-seca.cat\/cavallalat\/wp-content\/uploads\/sites\/11\/2020\/07\/MG_3365-1024x683.jpg 1024w, https:\/\/www.culturalvila-seca.cat\/cavallalat\/wp-content\/uploads\/sites\/11\/2020\/07\/MG_3365-300x200.jpg 300w, https:\/\/www.culturalvila-seca.cat\/cavallalat\/wp-content\/uploads\/sites\/11\/2020\/07\/MG_3365-768x512.jpg 768w, https:\/\/www.culturalvila-seca.cat\/cavallalat\/wp-content\/uploads\/sites\/11\/2020\/07\/MG_3365-1536x1024.jpg 1536w, https:\/\/www.culturalvila-seca.cat\/cavallalat\/wp-content\/uploads\/sites\/11\/2020\/07\/MG_3365-2048x1365.jpg 2048w\" sizes=\"auto, (max-width: 1024px) 100vw, 1024px\" \/><\/a><\/figure><\/li><li class=\"blocks-gallery-item\"><figure><a href=\"https:\/\/www.culturalvila-seca.cat\/cavallalat\/wp-content\/uploads\/sites\/11\/2020\/07\/MG_3320-scaled.jpg\"><img loading=\"lazy\" decoding=\"async\" width=\"1024\" height=\"683\" src=\"https:\/\/www.culturalvila-seca.cat\/cavallalat\/wp-content\/uploads\/sites\/11\/2020\/07\/MG_3320-1024x683.jpg\" alt=\"\" data-id=\"60\" data-full-url=\"https:\/\/www.culturalvila-seca.cat\/cavallalat\/wp-content\/uploads\/sites\/11\/2020\/07\/MG_3320-scaled.jpg\" data-link=\"https:\/\/www.culturalvila-seca.cat\/cavallalat\/_mg_3320\/\" class=\"wp-image-60\" srcset=\"https:\/\/www.culturalvila-seca.cat\/cavallalat\/wp-content\/uploads\/sites\/11\/2020\/07\/MG_3320-1024x683.jpg 1024w, https:\/\/www.culturalvila-seca.cat\/cavallalat\/wp-content\/uploads\/sites\/11\/2020\/07\/MG_3320-300x200.jpg 300w, https:\/\/www.culturalvila-seca.cat\/cavallalat\/wp-content\/uploads\/sites\/11\/2020\/07\/MG_3320-768x512.jpg 768w, https:\/\/www.culturalvila-seca.cat\/cavallalat\/wp-content\/uploads\/sites\/11\/2020\/07\/MG_3320-1536x1024.jpg 1536w, https:\/\/www.culturalvila-seca.cat\/cavallalat\/wp-content\/uploads\/sites\/11\/2020\/07\/MG_3320-2048x1365.jpg 2048w\" sizes=\"auto, (max-width: 1024px) 100vw, 1024px\" \/><\/a><\/figure><\/li><li class=\"blocks-gallery-item\"><figure><a href=\"https:\/\/www.culturalvila-seca.cat\/cavallalat\/wp-content\/uploads\/sites\/11\/2020\/07\/alat03.jpg\"><img loading=\"lazy\" decoding=\"async\" width=\"1000\" height=\"1000\" src=\"https:\/\/www.culturalvila-seca.cat\/cavallalat\/wp-content\/uploads\/sites\/11\/2020\/07\/alat03.jpg\" alt=\"Portants del Cavall Alat\" data-id=\"55\" data-full-url=\"https:\/\/www.culturalvila-seca.cat\/cavallalat\/wp-content\/uploads\/sites\/11\/2020\/07\/alat03.jpg\" data-link=\"https:\/\/www.culturalvila-seca.cat\/cavallalat\/noticia\/seguici-de-la-festa-major-destiu-2020\/alat03\/\" class=\"wp-image-55\" srcset=\"https:\/\/www.culturalvila-seca.cat\/cavallalat\/wp-content\/uploads\/sites\/11\/2020\/07\/alat03.jpg 1000w, https:\/\/www.culturalvila-seca.cat\/cavallalat\/wp-content\/uploads\/sites\/11\/2020\/07\/alat03-300x300.jpg 300w, https:\/\/www.culturalvila-seca.cat\/cavallalat\/wp-content\/uploads\/sites\/11\/2020\/07\/alat03-150x150.jpg 150w, https:\/\/www.culturalvila-seca.cat\/cavallalat\/wp-content\/uploads\/sites\/11\/2020\/07\/alat03-768x768.jpg 768w\" sizes=\"auto, (max-width: 1000px) 100vw, 1000px\" \/><\/a><\/figure><\/li><li class=\"blocks-gallery-item\"><figure><a href=\"https:\/\/www.culturalvila-seca.cat\/cavallalat\/wp-content\/uploads\/sites\/11\/2020\/07\/MG_3275-scaled.jpg\"><img loading=\"lazy\" decoding=\"async\" width=\"683\" height=\"1024\" src=\"https:\/\/www.culturalvila-seca.cat\/cavallalat\/wp-content\/uploads\/sites\/11\/2020\/07\/MG_3275-683x1024.jpg\" alt=\"\" data-id=\"57\" data-full-url=\"https:\/\/www.culturalvila-seca.cat\/cavallalat\/wp-content\/uploads\/sites\/11\/2020\/07\/MG_3275-scaled.jpg\" data-link=\"https:\/\/www.culturalvila-seca.cat\/cavallalat\/_mg_3275\/\" class=\"wp-image-57\" srcset=\"https:\/\/www.culturalvila-seca.cat\/cavallalat\/wp-content\/uploads\/sites\/11\/2020\/07\/MG_3275-683x1024.jpg 683w, https:\/\/www.culturalvila-seca.cat\/cavallalat\/wp-content\/uploads\/sites\/11\/2020\/07\/MG_3275-200x300.jpg 200w, https:\/\/www.culturalvila-seca.cat\/cavallalat\/wp-content\/uploads\/sites\/11\/2020\/07\/MG_3275-768x1152.jpg 768w, https:\/\/www.culturalvila-seca.cat\/cavallalat\/wp-content\/uploads\/sites\/11\/2020\/07\/MG_3275-1024x1536.jpg 1024w, https:\/\/www.culturalvila-seca.cat\/cavallalat\/wp-content\/uploads\/sites\/11\/2020\/07\/MG_3275-1365x2048.jpg 1365w, https:\/\/www.culturalvila-seca.cat\/cavallalat\/wp-content\/uploads\/sites\/11\/2020\/07\/MG_3275-scaled.jpg 1707w\" sizes=\"auto, (max-width: 683px) 100vw, 683px\" \/><\/a><\/figure><\/li><li class=\"blocks-gallery-item\"><figure><a href=\"https:\/\/www.culturalvila-seca.cat\/cavallalat\/wp-content\/uploads\/sites\/11\/2020\/07\/MG_3329-scaled.jpg\"><img loading=\"lazy\" decoding=\"async\" width=\"1024\" height=\"683\" src=\"https:\/\/www.culturalvila-seca.cat\/cavallalat\/wp-content\/uploads\/sites\/11\/2020\/07\/MG_3329-1024x683.jpg\" alt=\"\" data-id=\"61\" data-full-url=\"https:\/\/www.culturalvila-seca.cat\/cavallalat\/wp-content\/uploads\/sites\/11\/2020\/07\/MG_3329-scaled.jpg\" data-link=\"https:\/\/www.culturalvila-seca.cat\/cavallalat\/_mg_3329\/\" class=\"wp-image-61\" srcset=\"https:\/\/www.culturalvila-seca.cat\/cavallalat\/wp-content\/uploads\/sites\/11\/2020\/07\/MG_3329-1024x683.jpg 1024w, https:\/\/www.culturalvila-seca.cat\/cavallalat\/wp-content\/uploads\/sites\/11\/2020\/07\/MG_3329-300x200.jpg 300w, https:\/\/www.culturalvila-seca.cat\/cavallalat\/wp-content\/uploads\/sites\/11\/2020\/07\/MG_3329-768x512.jpg 768w, https:\/\/www.culturalvila-seca.cat\/cavallalat\/wp-content\/uploads\/sites\/11\/2020\/07\/MG_3329-1536x1024.jpg 1536w, https:\/\/www.culturalvila-seca.cat\/cavallalat\/wp-content\/uploads\/sites\/11\/2020\/07\/MG_3329-2048x1366.jpg 2048w\" sizes=\"auto, (max-width: 1024px) 100vw, 1024px\" \/><\/a><\/figure><\/li><\/ul><\/figure>\n\n\n\n<figure class=\"wp-block-image size-large is-style-rounded credit_autor\"><img loading=\"lazy\" decoding=\"async\" width=\"400\" height=\"400\" src=\"https:\/\/www.culturalvila-seca.cat\/cavallalat\/wp-content\/uploads\/sites\/11\/2020\/08\/IMG-20200730-WA0037-768x1024-1.jpg\" alt=\"\" class=\"wp-image-111\" srcset=\"https:\/\/www.culturalvila-seca.cat\/cavallalat\/wp-content\/uploads\/sites\/11\/2020\/08\/IMG-20200730-WA0037-768x1024-1.jpg 400w, https:\/\/www.culturalvila-seca.cat\/cavallalat\/wp-content\/uploads\/sites\/11\/2020\/08\/IMG-20200730-WA0037-768x1024-1-300x300.jpg 300w, https:\/\/www.culturalvila-seca.cat\/cavallalat\/wp-content\/uploads\/sites\/11\/2020\/08\/IMG-20200730-WA0037-768x1024-1-150x150.jpg 150w\" sizes=\"auto, (max-width: 400px) 100vw, 400px\" \/><figcaption><strong>Javi Est\u00e9banez L\u00f3pez<br><\/strong>President dels Portants del Cavall Alat<\/figcaption><\/figure>\n\n\n\n<p><\/p>\n\n\n\n<p><\/p>\n","protected":false},"excerpt":{"rendered":"<p>Formar part dels portadors del Cavall Alat \u00e9s un orgull per a qualsevol habitant de Vila-seca. Una assignatura pendent A finals dels anys seixanta i al llarg dels setanta del segle passat, es produeix a Catalunya la recuperaci\u00f3 de manifestacions festives populars. Danses, balls i figures surten al carrer per fer cercaviles, correfocs, trobades castelleres [&hellip;]<\/p>\n","protected":false},"author":1,"featured_media":90,"parent":0,"menu_order":0,"comment_status":"closed","ping_status":"closed","template":"","meta":{"_acf_changed":false,"footnotes":""},"class_list":["post-8","page","type-page","status-publish","has-post-thumbnail","hentry"],"acf":[],"_links":{"self":[{"href":"https:\/\/www.culturalvila-seca.cat\/cavallalat\/wp-json\/wp\/v2\/pages\/8","targetHints":{"allow":["GET"]}}],"collection":[{"href":"https:\/\/www.culturalvila-seca.cat\/cavallalat\/wp-json\/wp\/v2\/pages"}],"about":[{"href":"https:\/\/www.culturalvila-seca.cat\/cavallalat\/wp-json\/wp\/v2\/types\/page"}],"author":[{"embeddable":true,"href":"https:\/\/www.culturalvila-seca.cat\/cavallalat\/wp-json\/wp\/v2\/users\/1"}],"replies":[{"embeddable":true,"href":"https:\/\/www.culturalvila-seca.cat\/cavallalat\/wp-json\/wp\/v2\/comments?post=8"}],"version-history":[{"count":13,"href":"https:\/\/www.culturalvila-seca.cat\/cavallalat\/wp-json\/wp\/v2\/pages\/8\/revisions"}],"predecessor-version":[{"id":116,"href":"https:\/\/www.culturalvila-seca.cat\/cavallalat\/wp-json\/wp\/v2\/pages\/8\/revisions\/116"}],"wp:featuredmedia":[{"embeddable":true,"href":"https:\/\/www.culturalvila-seca.cat\/cavallalat\/wp-json\/wp\/v2\/media\/90"}],"wp:attachment":[{"href":"https:\/\/www.culturalvila-seca.cat\/cavallalat\/wp-json\/wp\/v2\/media?parent=8"}],"curies":[{"name":"wp","href":"https:\/\/api.w.org\/{rel}","templated":true}]}}