{"id":9,"date":"2020-07-11T18:48:56","date_gmt":"2020-07-11T16:48:56","guid":{"rendered":"https:\/\/www.culturalvila-seca.cat\/cevs\/?page_id=9"},"modified":"2021-07-26T12:47:41","modified_gmt":"2021-07-26T10:47:41","slug":"que-fem","status":"publish","type":"page","link":"https:\/\/www.culturalvila-seca.cat\/cevs\/que-fem\/","title":{"rendered":"Qu\u00e8 fem"},"content":{"rendered":"\n<div class=\"wp-block-group alignfull block_skew intro_pagina\"><div class=\"wp-block-group__inner-container is-layout-flow wp-block-group-is-layout-flow\"><h1>Qu\u00e8 fem<\/h1>\n\n\n\n<p>Des de la seva posada en marxa, el gener del 2016, el CEVS ha organitzat diverses activitats en formats variats per tal de donar const\u00e0ncia de la gran riquesa que adopta el camp sem\u00e0ntic de la cultura al nostre territori.<\/p>\n<\/div><\/div>\n\n\n\n<h3 class=\"wp-block-heading\">Difonem coneixement i cultura<\/h3>\n\n\n\n<p>L\u2019objectiu principal del Centre d\u2019Estudis Vila-secans Maria Elena Maseras \u00e9s impulsar i difondre al nostre municipi els valors consubstancials amb el coneixement i la cultura. Per dur-ho a terme, ens proposem organitzar i promoure activitats de marcat perfil cultural que abordin tem\u00e0tiques i q\u00fcestions susceptibles de generar un ampli inter\u00e8s p\u00fablic i que es recullin en formats atractius i diversos per tal d\u2019emfatitzar tamb\u00e9 la seva finalitat divulgativa, fent especial esment a aquelles tem\u00e0tiques relacionades amb els estudis de g\u00e8nere i de mem\u00f2ria hist\u00f2rica. Dins aquest ampli ventall d\u2019activitats es contemplen, a tall d\u2019exemple, l\u2019organitzaci\u00f3 de confer\u00e8ncies, presentacions de llibres, exposicions, jornades, tallers, o l\u2019edici\u00f3 de publicacions.<\/p>\n\n\n\n<figure class=\"wp-block-image size-large\"><img loading=\"lazy\" decoding=\"async\" width=\"1000\" height=\"665\" src=\"https:\/\/www.culturalvila-seca.cat\/cevs\/wp-content\/uploads\/sites\/4\/2020\/07\/prsentacio_cevs11.jpg\" alt=\"Presentaci\u00f3 de l'entitat a c\u00e0rrec de l'historiador Josep F\u00e0bregas\" class=\"wp-image-73\" srcset=\"https:\/\/www.culturalvila-seca.cat\/cevs\/wp-content\/uploads\/sites\/4\/2020\/07\/prsentacio_cevs11.jpg 1000w, https:\/\/www.culturalvila-seca.cat\/cevs\/wp-content\/uploads\/sites\/4\/2020\/07\/prsentacio_cevs11-300x200.jpg 300w, https:\/\/www.culturalvila-seca.cat\/cevs\/wp-content\/uploads\/sites\/4\/2020\/07\/prsentacio_cevs11-768x511.jpg 768w\" sizes=\"auto, (max-width: 1000px) 100vw, 1000px\" \/><figcaption>Presentaci\u00f3 de l&#8217;entitat a c\u00e0rrec de l&#8217;historiador Josep F\u00e0bregas<\/figcaption><\/figure>\n\n\n\n<h3 class=\"wp-block-heading\">Emprius<\/h3>\n\n\n\n<p><em>Emprius<\/em> \u00e9s una monografia bianual de car\u00e0cter acad\u00e8mic i divulgatiu centrada en la recerca transversal enfocada en Vila-seca. Aquesta monografia est\u00e0 formada per un conjunt d\u2019articles de caire acad\u00e8mic i d\u2019altres escrits per gent del poble.&nbsp;<\/p>\n\n\n\n<p>El nom de la revista no ha estat triada a l\u2019atzar. Emprius \u00e9s un top\u00f2nim molt vinculat al terme municipal de Vila-seca i a la seva hist\u00f2ria m\u00e9s recent. El diccionari de l\u2019Institut d\u2019Estudis Catalans el defineix de la seg\u00fcent manera: \u201cTerra del com\u00fa o altre b\u00e9 objecte d\u2019aquest dret\u201d. Aquest concepte, doncs, va molt lligat al que volem fer amb la revista <em>Emprius<\/em>: posar en com\u00fa coneixements vinculats al nostre poble, per tal que tothom en surti beneficiat.<\/p>\n\n\n\n<ul class=\"wp-block-list\"><li>PREU EMPRIUS 1: 5 Euros<\/li><li>PREU EMPRIUS 2: 10 EUROS<\/li><\/ul>\n\n\n\n<div class=\"wp-block-buttons is-layout-flex wp-block-buttons-is-layout-flex\">\n<div class=\"wp-block-button\"><a class=\"wp-block-button__link has-text-color has-background\" href=\"https:\/\/www.culturalvila-seca.cat\/cevs\/wp-content\/uploads\/sites\/4\/2020\/07\/emprius_01.pdf\" style=\"background-color:#01607d;color:#ffffff\" target=\"_blank\" rel=\"\/cevs\/wp-content\/uploads\/sites\/4\/2020\/07\/emprius_01.pdf noopener noreferrer\">Descarregueu-vos el n\u00famero 1 de la revista Emprius en PDF (59,3 MB)<\/a><\/div>\n\n\n<\/div>\n\n\n\n<div class=\"wp-block-file alignwide\"><a href=\"https:\/\/www.culturalvila-seca.cat\/cevs\/wp-content\/uploads\/sites\/4\/2021\/07\/EMPRIUS2020FotoPlus.pdf\"> Descarregueu-vos EMPRIUS 2<\/a><a href=\"https:\/\/www.culturalvila-seca.cat\/cevs\/wp-content\/uploads\/sites\/4\/2021\/07\/EMPRIUS2020FotoPlus.pdf\" class=\"wp-block-file__button\" download>Descarregueu-vos el n\u00famero 2 de la revista Emprius en PDF     <br><\/a><\/div>\n\n\n\n<h3 class=\"wp-block-heading\"><strong><strong>Premi Centre d&#8217;Estudis Vila-secans Maria Elena Maseras. Dones i g\u00e8nere al millor TDR<\/strong><\/strong><\/h3>\n\n\n\n<p>Una altre de les tasques que es realitzen des del Centre d\u2019Estudis \u00e9s el premi al millor treball de recerca de batxillerat vinculat a tem\u00e0tiques de g\u00e8nere o de la hist\u00f2ria de les dones. Aquest el coorganitzem conjuntament amb l\u2019Ajuntament, la Biblioteca Municipal i l\u2019Agrupaci\u00f3 Cultural.<\/p>\n\n\n\n<p>Els treballs guardonats amb el Premi Centre d\u2019Estudis Vila-secans Maria Elena Maseras han estat els seg\u00fcents:<\/p>\n\n\n\n<ul class=\"wp-block-list\"><li>Curs 2019\/2020: La dona a la publicitat, d\u2019Elsa Salvatierra Angullo<\/li><li>Curs 2018\/2019: <a href=\"http:\/\/www.bibliotecavila-seca.cat\/documents\/21634\/90124\/2019-tdr-micromasclismes.pdf\/e95b1f43-f16d-419e-b43c-797c3ffcd1ad\">Micromasclismes: un estudi de la topon\u00edmia de Vila-seca<\/a>, de Judith Ruiz Molina.<\/li><li>Curs 2017\/2018: <a href=\"http:\/\/www.bibliotecavila-seca.cat\/historialocal\/images\/stories\/treballs\/tdr2018-dona-vila-seca.pdf\">Ser dona a Vila-seca<\/a>, de Paula Dorado Mohedano<\/li><li>Curs 2016\/2017: <a href=\"http:\/\/www.bibliotecavila-seca.cat\/historialocal\/images\/stories\/treballs\/tdr-biancacastro-w.pdf\">La realitat de la dona a trav\u00e9s de la fantasia<\/a>, de Bianca Castro Fern\u00e1ndez.<\/li><\/ul>\n\n\n\n<figure class=\"wp-block-embed-youtube wp-block-embed is-type-video is-provider-youtube wp-embed-aspect-16-9 wp-has-aspect-ratio\"><div class=\"wp-block-embed__wrapper\">\n<iframe loading=\"lazy\" title=\"Por, fam, mem\u00f2ria.\" width=\"640\" height=\"360\" src=\"https:\/\/www.youtube.com\/embed\/JJLm8jokC2Q?feature=oembed\" frameborder=\"0\" allow=\"accelerometer; autoplay; clipboard-write; encrypted-media; gyroscope; picture-in-picture; web-share\" referrerpolicy=\"strict-origin-when-cross-origin\" allowfullscreen><\/iframe>\n<\/div><figcaption>Treball d&#8217;Hist\u00f2ria de la Mem\u00f2ria Oral de l&#8217;\u00c0mbit Social a c\u00e0rrec d&#8217;alumnes de 4t ESO de l&#8217;Institut Ramon Barbat i Miracle de Vila-seca<\/figcaption><\/figure>\n\n\n\n<h3 class=\"wp-block-heading\">Mem\u00f2ria Hist\u00f2rica<\/h3>\n\n\n\n<p>Tal i com hem explicat anteriorment, un dels principals eixos tem\u00e0tics al voltant dels quals giren les l\u00ednies de treball del Centre d&#8217;Estudis Vila-secans Maria Elena Maseras \u00e9s la recerca i difusi\u00f3 de la mem\u00f2ria hist\u00f2rica a Vila-seca.<\/p>\n\n\n\n<figure class=\"wp-block-image size-large\"><img loading=\"lazy\" decoding=\"async\" width=\"1024\" height=\"768\" src=\"https:\/\/www.culturalvila-seca.cat\/cevs\/wp-content\/uploads\/sites\/4\/2020\/07\/expo_ruixats_centru-1024x768.jpg\" alt=\"Exposici\u00f3 &quot;Ruixats de foc&quot; presentada al Centru, a Vila-seca\" class=\"wp-image-65\" srcset=\"https:\/\/www.culturalvila-seca.cat\/cevs\/wp-content\/uploads\/sites\/4\/2020\/07\/expo_ruixats_centru-1024x768.jpg 1024w, https:\/\/www.culturalvila-seca.cat\/cevs\/wp-content\/uploads\/sites\/4\/2020\/07\/expo_ruixats_centru-300x225.jpg 300w, https:\/\/www.culturalvila-seca.cat\/cevs\/wp-content\/uploads\/sites\/4\/2020\/07\/expo_ruixats_centru-768x576.jpg 768w, https:\/\/www.culturalvila-seca.cat\/cevs\/wp-content\/uploads\/sites\/4\/2020\/07\/expo_ruixats_centru.jpg 1134w\" sizes=\"auto, (max-width: 1024px) 100vw, 1024px\" \/><figcaption>Exposici\u00f3 &#8220;Ruixats de foc&#8221; presentada al Centru, a Vila-seca<\/figcaption><\/figure>\n\n\n\n<p>En primer lloc, cal destacar l&#8217;exposici\u00f3 <strong>Ruixats de foc<\/strong>, coorganitzada amb la Universitat Rovira i Virgili i dedicada als bombardejos franquistes al Camp de Tarragona. Aquesta exposici\u00f3, a m\u00e9s de poder-se veure a Vila-seca, tamb\u00e9 ha itinerat per diverses poblacions tarragonines (Tarragona, Reus, l&#8217;Hospitalet de l\u2019Infant, la Selva del Camp, Corbera d\u2019Ebre, etc.). Actualment, s\u2019est\u00e0 treballant en ampliar-la amb sengles plafons dedicats als <strong>bombardejos franquistes a Vila-seca i al camp d\u2019aviaci\u00f3 de la Pineda<\/strong>, realitzats per Gin\u00e9s Puente i Pedro Oti\u00f1a, respectivament. Aquests plafons serviran per contextualitzar hist\u00f2ricament el memorial en record de les v\u00edctimes dels bombardejos franquistes a Vila-seca que est\u00e0 previst que s\u2019inauguri l\u2019any 2021.A m\u00e9s, tamb\u00e9 s\u2019est\u00e0 treballant en la mem\u00f2ria hist\u00f2rica dels <strong>rentadors de Vila-seca<\/strong>. De moment, en trobareu un article signat per Gin\u00e9s Puente al n\u00famero 1 de la revista Emprius, per\u00f2 la intenci\u00f3 \u00e9s ampliar la recerca per tal reivindicar-los com a espai de treball femen\u00ed al municipi.<\/p>\n\n\n\n<div class=\"wp-block-buttons is-layout-flex wp-block-buttons-is-layout-flex\">\n<div class=\"wp-block-button\"><a class=\"wp-block-button__link has-text-color has-background\" href=\"https:\/\/www.culturalvila-seca.cat\/cevs\/wp-content\/uploads\/sites\/4\/2020\/07\/Diari-Tarragona-12-07-20.pdf\" style=\"background-color:#01607d;color:#ffffff\" target=\"_blank\" rel=\"https:\/\/www.diaridetarragona.com\/costa\/Maseras-la-doctora-que-se-harto-de-esperar--20200712-0018.html noopener noreferrer\">Llegiu l&#8217;article del 12\/07\/20 del Diari de Tarragona sobre el CEVS<\/a><\/div>\n<\/div>\n\n\n\n<p><\/p>\n","protected":false},"excerpt":{"rendered":"<p>Des de la seva posada en marxa, el gener del 2016, el CEVS ha organitzat diverses activitats en formats variats per tal de donar const\u00e0ncia de la gran riquesa que adopta el camp sem\u00e0ntic de la cultura al nostre territori. Difonem coneixement i cultura L\u2019objectiu principal del Centre d\u2019Estudis Vila-secans Maria Elena Maseras \u00e9s impulsar [&hellip;]<\/p>\n","protected":false},"author":1,"featured_media":0,"parent":0,"menu_order":0,"comment_status":"closed","ping_status":"closed","template":"","meta":{"_acf_changed":false,"footnotes":""},"class_list":["post-9","page","type-page","status-publish","hentry"],"acf":[],"_links":{"self":[{"href":"https:\/\/www.culturalvila-seca.cat\/cevs\/wp-json\/wp\/v2\/pages\/9","targetHints":{"allow":["GET"]}}],"collection":[{"href":"https:\/\/www.culturalvila-seca.cat\/cevs\/wp-json\/wp\/v2\/pages"}],"about":[{"href":"https:\/\/www.culturalvila-seca.cat\/cevs\/wp-json\/wp\/v2\/types\/page"}],"author":[{"embeddable":true,"href":"https:\/\/www.culturalvila-seca.cat\/cevs\/wp-json\/wp\/v2\/users\/1"}],"replies":[{"embeddable":true,"href":"https:\/\/www.culturalvila-seca.cat\/cevs\/wp-json\/wp\/v2\/comments?post=9"}],"version-history":[{"count":25,"href":"https:\/\/www.culturalvila-seca.cat\/cevs\/wp-json\/wp\/v2\/pages\/9\/revisions"}],"predecessor-version":[{"id":174,"href":"https:\/\/www.culturalvila-seca.cat\/cevs\/wp-json\/wp\/v2\/pages\/9\/revisions\/174"}],"wp:attachment":[{"href":"https:\/\/www.culturalvila-seca.cat\/cevs\/wp-json\/wp\/v2\/media?parent=9"}],"curies":[{"name":"wp","href":"https:\/\/api.w.org\/{rel}","templated":true}]}}