{"id":6,"date":"2020-07-11T18:38:47","date_gmt":"2020-07-11T16:38:47","guid":{"rendered":"https:\/\/www.culturalvila-seca.cat\/cobladelcomu\/?page_id=6"},"modified":"2020-08-18T18:35:29","modified_gmt":"2020-08-18T16:35:29","slug":"cobla-antiga-del-comu","status":"publish","type":"page","link":"https:\/\/www.culturalvila-seca.cat\/cobladelcomu\/","title":{"rendered":"Cobla Antiga del Com\u00fa"},"content":{"rendered":"\n<div class=\"wp-block-group alignfull block_skew intro_subsite\"><div class=\"wp-block-group__inner-container is-layout-flow wp-block-group-is-layout-flow\"><h1>Cobla Antiga del Com\u00fa<\/h1>\n\n\n\n<h2 class=\"wp-block-heading\">M\u00fasica al Seguici<\/h2>\n<\/div><\/div>\n\n\n\n<div class=\"wp-block-columns block_cols img_left block_link extended is-layout-flex wp-container-core-columns-is-layout-9d6595d7 wp-block-columns-is-layout-flex\">\n<div class=\"wp-block-column is-layout-flow wp-block-column-is-layout-flow\" style=\"flex-basis:50%\">\n<figure class=\"wp-block-image size-large\"><img loading=\"lazy\" decoding=\"async\" width=\"1000\" height=\"1000\" src=\"https:\/\/www.culturalvila-seca.cat\/cobladelcomu\/wp-content\/uploads\/sites\/7\/2020\/07\/cobla-comu01.jpg\" alt=\"Participaci\u00f3 en el seguici festiu de 2019\" class=\"wp-image-45\" srcset=\"https:\/\/www.culturalvila-seca.cat\/cobladelcomu\/wp-content\/uploads\/sites\/7\/2020\/07\/cobla-comu01.jpg 1000w, https:\/\/www.culturalvila-seca.cat\/cobladelcomu\/wp-content\/uploads\/sites\/7\/2020\/07\/cobla-comu01-300x300.jpg 300w, https:\/\/www.culturalvila-seca.cat\/cobladelcomu\/wp-content\/uploads\/sites\/7\/2020\/07\/cobla-comu01-150x150.jpg 150w, https:\/\/www.culturalvila-seca.cat\/cobladelcomu\/wp-content\/uploads\/sites\/7\/2020\/07\/cobla-comu01-768x768.jpg 768w\" sizes=\"auto, (max-width: 1000px) 100vw, 1000px\" \/><figcaption>Participaci\u00f3 en el seguici de 2019<br>Fotografia: Anna M. Molina<\/figcaption><\/figure>\n\n\n\n<p><\/p>\n<\/div>\n\n\n\n<div class=\"wp-block-column is-layout-flow wp-block-column-is-layout-flow\" style=\"flex-basis:50%\">\n<h2 class=\"wp-block-heading\">M\u00fasica de festa<\/h2>\n\n\n\n<div class=\"wp-block-group\"><div class=\"wp-block-group__inner-container is-layout-flow wp-block-group-is-layout-flow\">\n<p>La Cobla Antiga del Com\u00fa \u00e9s una formaci\u00f3 que es va crear l\u2019any 2007 i es va estrenar pel seguici del 2008, per Sant Antoni. Aquest fou el primer seguici que particip\u00e0 a la Festa Major de Sant Antoni de Vila-seca, impulsat des de l\u2019Agrupaci\u00f3 Cultural.<\/p>\n<\/div><\/div>\n\n\n\n<p><a href=\"https:\/\/www.culturalvila-seca.cat\/cobladelcomu\/historia\/\">T&#8217;expliquem la nostra hist\u00f2ria<\/a><\/p>\n\n\n\n<p><\/p>\n<\/div>\n<\/div>\n","protected":false},"excerpt":{"rendered":"<p>M\u00fasica al Seguici M\u00fasica de festa La Cobla Antiga del Com\u00fa \u00e9s una formaci\u00f3 que es va crear l\u2019any 2007 i es va estrenar pel seguici del 2008, per Sant Antoni. Aquest fou el primer seguici que particip\u00e0 a la Festa Major de Sant Antoni de Vila-seca, impulsat des de l\u2019Agrupaci\u00f3 Cultural. T&#8217;expliquem la nostra [&hellip;]<\/p>\n","protected":false},"author":1,"featured_media":0,"parent":0,"menu_order":0,"comment_status":"closed","ping_status":"closed","template":"template_portada_subsite.php","meta":{"_acf_changed":false,"footnotes":""},"class_list":["post-6","page","type-page","status-publish","hentry"],"acf":[],"_links":{"self":[{"href":"https:\/\/www.culturalvila-seca.cat\/cobladelcomu\/wp-json\/wp\/v2\/pages\/6","targetHints":{"allow":["GET"]}}],"collection":[{"href":"https:\/\/www.culturalvila-seca.cat\/cobladelcomu\/wp-json\/wp\/v2\/pages"}],"about":[{"href":"https:\/\/www.culturalvila-seca.cat\/cobladelcomu\/wp-json\/wp\/v2\/types\/page"}],"author":[{"embeddable":true,"href":"https:\/\/www.culturalvila-seca.cat\/cobladelcomu\/wp-json\/wp\/v2\/users\/1"}],"replies":[{"embeddable":true,"href":"https:\/\/www.culturalvila-seca.cat\/cobladelcomu\/wp-json\/wp\/v2\/comments?post=6"}],"version-history":[{"count":11,"href":"https:\/\/www.culturalvila-seca.cat\/cobladelcomu\/wp-json\/wp\/v2\/pages\/6\/revisions"}],"predecessor-version":[{"id":68,"href":"https:\/\/www.culturalvila-seca.cat\/cobladelcomu\/wp-json\/wp\/v2\/pages\/6\/revisions\/68"}],"wp:attachment":[{"href":"https:\/\/www.culturalvila-seca.cat\/cobladelcomu\/wp-json\/wp\/v2\/media?parent=6"}],"curies":[{"name":"wp","href":"https:\/\/api.w.org\/{rel}","templated":true}]}}