{"id":6,"date":"2020-07-11T18:40:33","date_gmt":"2020-07-11T16:40:33","guid":{"rendered":"https:\/\/www.culturalvila-seca.cat\/esbart\/?page_id=6"},"modified":"2023-07-17T12:48:05","modified_gmt":"2023-07-17T10:48:05","slug":"esbart-dansaire-ramon-olzina","status":"publish","type":"page","link":"https:\/\/www.culturalvila-seca.cat\/esbart\/","title":{"rendered":"Esbart Dansaire Ramon d\u2019Olzina"},"content":{"rendered":"\n<div class=\"wp-block-group alignfull block_skew intro_subsite\"><div class=\"wp-block-group__inner-container is-layout-flow wp-block-group-is-layout-flow\"><h1>Esbart Dansaire Ramon d\u2019Olzina<\/h1>\n\n\n\n<h2 class=\"wp-block-heading\">Fomentem la dansa tradicional catalana<\/h2>\n<\/div><\/div>\n\n\n\n<div class=\"wp-block-columns block_cols img_left block_link extended is-layout-flex wp-container-core-columns-is-layout-9d6595d7 wp-block-columns-is-layout-flex\">\n<div class=\"wp-block-column is-layout-flow wp-block-column-is-layout-flow\" style=\"flex-basis:50%\">\n<figure class=\"wp-block-image size-large\"><img loading=\"lazy\" decoding=\"async\" width=\"1024\" height=\"913\" src=\"https:\/\/www.culturalvila-seca.cat\/esbart\/wp-content\/uploads\/sites\/9\/2022\/05\/IMG-20220423-WA0050-1024x913.jpg\" alt=\"\" class=\"wp-image-302\" srcset=\"https:\/\/www.culturalvila-seca.cat\/esbart\/wp-content\/uploads\/sites\/9\/2022\/05\/IMG-20220423-WA0050-1024x913.jpg 1024w, https:\/\/www.culturalvila-seca.cat\/esbart\/wp-content\/uploads\/sites\/9\/2022\/05\/IMG-20220423-WA0050-300x267.jpg 300w, https:\/\/www.culturalvila-seca.cat\/esbart\/wp-content\/uploads\/sites\/9\/2022\/05\/IMG-20220423-WA0050-768x685.jpg 768w, https:\/\/www.culturalvila-seca.cat\/esbart\/wp-content\/uploads\/sites\/9\/2022\/05\/IMG-20220423-WA0050-1536x1370.jpg 1536w, https:\/\/www.culturalvila-seca.cat\/esbart\/wp-content\/uploads\/sites\/9\/2022\/05\/IMG-20220423-WA0050.jpg 2048w\" sizes=\"auto, (max-width: 1024px) 100vw, 1024px\" \/><\/figure>\n\n\n\n<p><\/p>\n<\/div>\n\n\n\n<div class=\"wp-block-column is-layout-flow wp-block-column-is-layout-flow\" style=\"flex-basis:50%\">\n<h2 class=\"wp-block-heading\">Ens mou la dansa<\/h2>\n\n\n\n<div class=\"wp-block-group\"><div class=\"wp-block-group__inner-container is-layout-flow wp-block-group-is-layout-flow\">\n<p>Des del setembre de 1975 treballem per a la recuperaci\u00f3 i el foment de la dansa tradicional catalana <\/p>\n<\/div><\/div>\n\n\n\n<p><a href=\"https:\/\/www.culturalvila-seca.cat\/esbart\/historia\/\">Et fem quatre ratlles de la nostra hist\u00f2ria<\/a><\/p>\n<\/div>\n<\/div>\n\n\n\n<div class=\"wp-block-group alignfull block_skew grey angle2 extended\"><div class=\"wp-block-group__inner-container is-layout-flow wp-block-group-is-layout-flow\">\n<h2 class=\"wp-block-heading\">Propers esdeveniments<\/h2>\n\n\n<section class=\"noticia_destacada\">\n<div class=\"wp-block-columns block_link block_noticia block_link extended  text_only\">\n\t<div class=\"wp-block-column text_noticia\">\n\t\n\t\t<div class=\"titol\">\n\t\t\t\t<h3>Exposici\u00f3 50 aniversari<\/h3>\n\t\t\t\t\t\t\t\t<\/div>\n\t\t<p>Aquest diumenge 12 d&#8217;octubre al castell de Vila-seca podreu contemplar l&#8217;exposici\u00f3 del 50 aniversari de l&#8217;esbart. Tamb\u00e9 hi trobareu carpes sensorials pels m\u00e9s petits on podran vestir-se, jugar, tocar, com els dansaires. Despr\u00e9s se celebrar\u00e0 el ball folk i acabarem compartint taula amb una paella.<\/p>\n\t\t\n\t\t\n\t\t<p class=\"article_actions\">\n\t\t\n\t\t\t<a href=\"https:\/\/www.culturalvila-seca.cat\/esbart\/actualitat\/exposicio-50-aniversari\/\" >\n\t\t\t\t<i class=\"fas fa-chevron-right\"><\/i> Llegeix m\u00e9s\n\t\t\t<\/a>\n\t\t\t\t\t\t\t\t<\/p>\n\n\n\t<\/div>\n<\/div><\/section>\n<\/div><\/div>\n\n\n\n<div class=\"wp-block-columns block_cols img_right block_link extended is-layout-flex wp-container-core-columns-is-layout-9d6595d7 wp-block-columns-is-layout-flex\">\n<div class=\"wp-block-column is-layout-flow wp-block-column-is-layout-flow\" style=\"flex-basis:50%\">\n<h2 class=\"wp-block-heading\">Estima, solidaritat i cultura<\/h2>\n\n\n\n<p>Estimar les nostres tradicions, la solidaritat i la companyonia, fer cr\u00e9ixer entre tots el grup. Aquests s\u00f3n uns dels valors que es vivim en el dia a dia de l&#8217;entitat.<\/p>\n\n\n\n<p><a href=\"https:\/\/www.culturalvila-seca.cat\/esbart\/presentacio\/\">T&#8217;ho expliquem?<\/a><\/p>\n\n\n\n<p><\/p>\n<\/div>\n\n\n\n<div class=\"wp-block-column is-layout-flow wp-block-column-is-layout-flow\" style=\"flex-basis:50%\">\n<figure class=\"wp-block-image size-large\"><img loading=\"lazy\" decoding=\"async\" width=\"1000\" height=\"1000\" src=\"https:\/\/www.culturalvila-seca.cat\/esbart\/wp-content\/uploads\/sites\/9\/2020\/07\/esbarts1000.jpg\" alt=\"\" class=\"wp-image-94\" srcset=\"https:\/\/www.culturalvila-seca.cat\/esbart\/wp-content\/uploads\/sites\/9\/2020\/07\/esbarts1000.jpg 1000w, https:\/\/www.culturalvila-seca.cat\/esbart\/wp-content\/uploads\/sites\/9\/2020\/07\/esbarts1000-300x300.jpg 300w, https:\/\/www.culturalvila-seca.cat\/esbart\/wp-content\/uploads\/sites\/9\/2020\/07\/esbarts1000-150x150.jpg 150w, https:\/\/www.culturalvila-seca.cat\/esbart\/wp-content\/uploads\/sites\/9\/2020\/07\/esbarts1000-768x768.jpg 768w\" sizes=\"auto, (max-width: 1000px) 100vw, 1000px\" \/><\/figure>\n\n\n\n<div class=\"wp-block-group\"><div class=\"wp-block-group__inner-container is-layout-flow wp-block-group-is-layout-flow\"><\/div><\/div>\n<\/div>\n<\/div>\n\n\n\n<p><\/p>\n","protected":false},"excerpt":{"rendered":"<p>Fomentem la dansa tradicional catalana Ens mou la dansa Des del setembre de 1975 treballem per a la recuperaci\u00f3 i el foment de la dansa tradicional catalana Et fem quatre ratlles de la nostra hist\u00f2ria Propers esdeveniments Estima, solidaritat i cultura Estimar les nostres tradicions, la solidaritat i la companyonia, fer cr\u00e9ixer entre tots el [&hellip;]<\/p>\n","protected":false},"author":1,"featured_media":260,"parent":0,"menu_order":0,"comment_status":"closed","ping_status":"closed","template":"template_portada_subsite.php","meta":{"_acf_changed":false,"footnotes":""},"class_list":["post-6","page","type-page","status-publish","has-post-thumbnail","hentry"],"acf":[],"_links":{"self":[{"href":"https:\/\/www.culturalvila-seca.cat\/esbart\/wp-json\/wp\/v2\/pages\/6","targetHints":{"allow":["GET"]}}],"collection":[{"href":"https:\/\/www.culturalvila-seca.cat\/esbart\/wp-json\/wp\/v2\/pages"}],"about":[{"href":"https:\/\/www.culturalvila-seca.cat\/esbart\/wp-json\/wp\/v2\/types\/page"}],"author":[{"embeddable":true,"href":"https:\/\/www.culturalvila-seca.cat\/esbart\/wp-json\/wp\/v2\/users\/1"}],"replies":[{"embeddable":true,"href":"https:\/\/www.culturalvila-seca.cat\/esbart\/wp-json\/wp\/v2\/comments?post=6"}],"version-history":[{"count":21,"href":"https:\/\/www.culturalvila-seca.cat\/esbart\/wp-json\/wp\/v2\/pages\/6\/revisions"}],"predecessor-version":[{"id":359,"href":"https:\/\/www.culturalvila-seca.cat\/esbart\/wp-json\/wp\/v2\/pages\/6\/revisions\/359"}],"wp:featuredmedia":[{"embeddable":true,"href":"https:\/\/www.culturalvila-seca.cat\/esbart\/wp-json\/wp\/v2\/media\/260"}],"wp:attachment":[{"href":"https:\/\/www.culturalvila-seca.cat\/esbart\/wp-json\/wp\/v2\/media?parent=6"}],"curies":[{"name":"wp","href":"https:\/\/api.w.org\/{rel}","templated":true}]}}