{"id":10,"date":"2020-07-11T18:55:22","date_gmt":"2020-07-11T16:55:22","guid":{"rendered":"https:\/\/www.culturalvila-seca.cat\/escacs\/?page_id=10"},"modified":"2020-09-02T17:50:12","modified_gmt":"2020-09-02T15:50:12","slug":"historia","status":"publish","type":"page","link":"https:\/\/www.culturalvila-seca.cat\/escacs\/historia\/","title":{"rendered":"Hist\u00f2ria"},"content":{"rendered":"\n<div class=\"wp-block-group alignfull block_skew intro_pagina\"><div class=\"wp-block-group__inner-container is-layout-flow wp-block-group-is-layout-flow\"><h1>Hist\u00f2ria<\/h1>\n\n\n\n<p>Grans i petits, portem gaireb\u00e9 cinquanta anys jugant a escacs. Treballem per un futur equitatiu i comprom\u00e8s amb una societat m\u00e9s justa. Som una eina transversal que uneix a grans i petits, i a tots els estaments socials. Tothom pot gaudir dels escacs.<\/p>\n<\/div><\/div>\n\n\n\n<h2 class=\"wp-block-heading\">Hist\u00f2ria<\/h2>\n\n\n\n<p>Els or\u00edgens del Club d&#8217;Escacs Vila-seca es remunten a l\u2019any 1972 en el&nbsp;si&nbsp;de l\u2019agrupaci\u00f3 cultural de Vila-seca, i gr\u00e0cies a l\u2019impuls de Miquel Borrell i&nbsp;Comas, jugador&nbsp;fins aleshores&nbsp;del Club d\u2019Escacs Tarragona i resident a Vila-seva.<\/p>\n\n\n\n<p>L\u2019any 1973 el Club es va inscriure com a tal a la federaci\u00f3 catalana i s\u2019inici\u00e0 la participaci\u00f3&nbsp;en els&nbsp;campionats provincials en les modalitats d\u2019equips i individual, havent-se proclamat&nbsp;diverses&nbsp;vegades campi\u00f3 provincial en les diferents categories; i concretament en la categoria per equips, es va aconseguir en tres ocasions ascendir a la segona categoria nacional, fet que va comportar el reconeixement de l&#8217;equip&nbsp;en l&#8217;\u00e0mbit estatal&nbsp;i haver estat convidat a participar a diversos concursos a Saragossa, al Torneig de Miranda&nbsp;de Ebro&nbsp;i al de Ciutat de&nbsp;Vergara&nbsp;a&nbsp;San&nbsp;Sebasti\u00e0.<\/p>\n\n\n\n<figure class=\"wp-block-image size-large\"><img loading=\"lazy\" decoding=\"async\" width=\"1024\" height=\"709\" src=\"https:\/\/www.culturalvila-seca.cat\/escacs\/wp-content\/uploads\/sites\/6\/2020\/08\/dinarescacs3-1024x709.jpg\" alt=\"Repartiment de premis del Torneig llampec\" class=\"wp-image-109\" srcset=\"https:\/\/www.culturalvila-seca.cat\/escacs\/wp-content\/uploads\/sites\/6\/2020\/08\/dinarescacs3-1024x709.jpg 1024w, https:\/\/www.culturalvila-seca.cat\/escacs\/wp-content\/uploads\/sites\/6\/2020\/08\/dinarescacs3-300x208.jpg 300w, https:\/\/www.culturalvila-seca.cat\/escacs\/wp-content\/uploads\/sites\/6\/2020\/08\/dinarescacs3-768x531.jpg 768w, https:\/\/www.culturalvila-seca.cat\/escacs\/wp-content\/uploads\/sites\/6\/2020\/08\/dinarescacs3-1536x1063.jpg 1536w, https:\/\/www.culturalvila-seca.cat\/escacs\/wp-content\/uploads\/sites\/6\/2020\/08\/dinarescacs3.jpg 2048w\" sizes=\"auto, (max-width: 1024px) 100vw, 1024px\" \/><figcaption>Repartiment de premis del Torneig llampec<br>Fons Club d&#8217;Escacs<\/figcaption><\/figure>\n\n\n\n<p>L\u2019any 1974 s&#8217;inici\u00e0 a Vila-seca el primer \u201cTorneig Llampec per equips\u201d amb la pres\u00e8ncia de sis equips, torneig que es&nbsp;ve celebrant&nbsp;des de les hores cada any durant la festa major del municipi a les portes del local que havia estat la primera seu del Club, al Passeig de l\u2019Esgl\u00e9sia, i que anys abans havia estat la peixateria del poble. D\u2019aquest Torneig Llampec, l\u2019any 2019&nbsp;se&nbsp;celebr\u00e0 el 46\u00e8 aniversari en modalitat s\u00e8nior i el 21\u00e8 en la modalitat Junior. <\/p>\n\n\n\n<p>Actualment la seu del Club es troba a la Casa de Cultura&nbsp;Cl\u00e0udia&nbsp;Padr\u00f3.<br>Tamb\u00e9 el mateix any 1974 el Club d\u2019escacs inici\u00e0 els cursets d\u2019escacs a les escoles impartits per&nbsp;Pepita&nbsp;Ferr\u00e9, vuit vegades campiona d\u2019Espanya, mestre d\u2019escola i jugadora del club. Aquesta magn\u00edfica iniciativa va servir per formar una bona pedrera de jugadors que m\u00e9s tard proporcionaria al club uns excel\u00b7lents resultats, constatats als diversos campionats d\u2019Espanya i provincials i gaireb\u00e9 a totes les categories, que al llarg dels anys de la vida del club s\u2019han anat aconseguint.<\/p>\n\n\n\n<p>Figuren com a jugadors destacats de la hist\u00f2ria del Club, a m\u00e9s de la&nbsp;Pepita&nbsp;Ferr\u00e9, el primer taulell i campi\u00f3 provincial Xavier Segovia&nbsp;Sol\u00e9, el Gran mestre&nbsp;Stephan&nbsp;Djuric&nbsp;o en Joan&nbsp;Adserias, mestre catal\u00e0.<br>Actualment al club hi juguen vint-i-vuit jugadors de totes les edats i es mant\u00e9 un equip de deu jugadors a la categoria Preferent de la Lliga catalana.<\/p>\n\n\n\n<figure class=\"wp-block-image size-large\"><img loading=\"lazy\" decoding=\"async\" width=\"1024\" height=\"712\" src=\"https:\/\/www.culturalvila-seca.cat\/escacs\/wp-content\/uploads\/sites\/6\/2020\/08\/dinarescacs4-1024x712.jpg\" alt=\"Dinar posterior al Torneig llampec, amb Pepita Ferr\u00e9\" class=\"wp-image-110\" srcset=\"https:\/\/www.culturalvila-seca.cat\/escacs\/wp-content\/uploads\/sites\/6\/2020\/08\/dinarescacs4-1024x712.jpg 1024w, https:\/\/www.culturalvila-seca.cat\/escacs\/wp-content\/uploads\/sites\/6\/2020\/08\/dinarescacs4-300x209.jpg 300w, https:\/\/www.culturalvila-seca.cat\/escacs\/wp-content\/uploads\/sites\/6\/2020\/08\/dinarescacs4-768x534.jpg 768w, https:\/\/www.culturalvila-seca.cat\/escacs\/wp-content\/uploads\/sites\/6\/2020\/08\/dinarescacs4-1536x1069.jpg 1536w, https:\/\/www.culturalvila-seca.cat\/escacs\/wp-content\/uploads\/sites\/6\/2020\/08\/dinarescacs4.jpg 2011w\" sizes=\"auto, (max-width: 1024px) 100vw, 1024px\" \/><figcaption>Dinar posterior al Torneig llampec, amb Pepita Ferr\u00e9<br>Fons Club d&#8217;Escacs<\/figcaption><\/figure>\n\n\n\n<p>Recentment, amb una forta pol\u00edtica del club en la perspectiva de g\u00e8nere, s\u2019han incorporat al club dones i nenes, que fan del Club d\u2019Escacs Vila-seca un dels clubs del territori amb un percentatge m\u00e9s alt de dones. En conseq\u00fc\u00e8ncia amb aquesta pol\u00edtica del club, l\u2019any 2019 es va impulsar un primer Open femen\u00ed d\u2019escacs amb l\u2019objectiu de promocionar aquest esport entre nenes i dones i augmentar el nombre de jugadores del club.<\/p>\n\n\n\n<p>En paraules de l\u2019actual president del Club d\u2019escacs Vila-seca, Ivan&nbsp;Herreros, \u201cQualsevol iniciativa que promogui la pr\u00e0ctica dels escacs entre les dones ens fa m\u00e9s grans com a club i com a ens que cohesiona la nostra societat. Promovem la cultura per la igualtat real entre dones i homes. Treballem per un futur equitatiu i comprom\u00e8s amb una societat m\u00e9s justa. Som una eina transversal que uneix a grans i petits, i a tots els estaments socials. Tothom pot gaudir dels escacs\u201d.<\/p>\n\n\n\n<figure class=\"wp-block-gallery columns-3 is-cropped wp-block-gallery-1 is-layout-flex wp-block-gallery-is-layout-flex\"><ul class=\"blocks-gallery-grid\"><li class=\"blocks-gallery-item\"><figure><a href=\"https:\/\/www.culturalvila-seca.cat\/escacs\/wp-content\/uploads\/sites\/6\/2020\/07\/escacspremislampec2019b.jpg\"><img loading=\"lazy\" decoding=\"async\" width=\"1024\" height=\"768\" src=\"https:\/\/www.culturalvila-seca.cat\/escacs\/wp-content\/uploads\/sites\/6\/2020\/07\/escacspremislampec2019b-1024x768.jpg\" alt=\"\" data-id=\"44\" data-full-url=\"https:\/\/www.culturalvila-seca.cat\/escacs\/wp-content\/uploads\/sites\/6\/2020\/07\/escacspremislampec2019b.jpg\" data-link=\"https:\/\/www.culturalvila-seca.cat\/escacs\/historia\/escacspremislampec2019b\/\" class=\"wp-image-44\" srcset=\"https:\/\/www.culturalvila-seca.cat\/escacs\/wp-content\/uploads\/sites\/6\/2020\/07\/escacspremislampec2019b-1024x768.jpg 1024w, https:\/\/www.culturalvila-seca.cat\/escacs\/wp-content\/uploads\/sites\/6\/2020\/07\/escacspremislampec2019b-300x225.jpg 300w, https:\/\/www.culturalvila-seca.cat\/escacs\/wp-content\/uploads\/sites\/6\/2020\/07\/escacspremislampec2019b-768x576.jpg 768w, https:\/\/www.culturalvila-seca.cat\/escacs\/wp-content\/uploads\/sites\/6\/2020\/07\/escacspremislampec2019b-1536x1152.jpg 1536w, https:\/\/www.culturalvila-seca.cat\/escacs\/wp-content\/uploads\/sites\/6\/2020\/07\/escacspremislampec2019b.jpg 2048w\" sizes=\"auto, (max-width: 1024px) 100vw, 1024px\" \/><\/a><\/figure><\/li><li class=\"blocks-gallery-item\"><figure><a href=\"https:\/\/www.culturalvila-seca.cat\/escacs\/wp-content\/uploads\/sites\/6\/2020\/07\/escacspremisllampec2019.jpg\"><img loading=\"lazy\" decoding=\"async\" width=\"1024\" height=\"768\" src=\"https:\/\/www.culturalvila-seca.cat\/escacs\/wp-content\/uploads\/sites\/6\/2020\/07\/escacspremisllampec2019-1024x768.jpg\" alt=\"\" data-id=\"43\" data-full-url=\"https:\/\/www.culturalvila-seca.cat\/escacs\/wp-content\/uploads\/sites\/6\/2020\/07\/escacspremisllampec2019.jpg\" data-link=\"https:\/\/www.culturalvila-seca.cat\/escacs\/historia\/escacspremisllampec2019\/\" class=\"wp-image-43\" srcset=\"https:\/\/www.culturalvila-seca.cat\/escacs\/wp-content\/uploads\/sites\/6\/2020\/07\/escacspremisllampec2019-1024x768.jpg 1024w, https:\/\/www.culturalvila-seca.cat\/escacs\/wp-content\/uploads\/sites\/6\/2020\/07\/escacspremisllampec2019-300x225.jpg 300w, https:\/\/www.culturalvila-seca.cat\/escacs\/wp-content\/uploads\/sites\/6\/2020\/07\/escacspremisllampec2019-768x576.jpg 768w, https:\/\/www.culturalvila-seca.cat\/escacs\/wp-content\/uploads\/sites\/6\/2020\/07\/escacspremisllampec2019-1536x1152.jpg 1536w, https:\/\/www.culturalvila-seca.cat\/escacs\/wp-content\/uploads\/sites\/6\/2020\/07\/escacspremisllampec2019.jpg 2048w\" sizes=\"auto, (max-width: 1024px) 100vw, 1024px\" \/><\/a><\/figure><\/li><li class=\"blocks-gallery-item\"><figure><a href=\"https:\/\/www.culturalvila-seca.cat\/escacs\/wp-content\/uploads\/sites\/6\/2020\/07\/escacscopatgnaavila-seca.jpg\"><img loading=\"lazy\" decoding=\"async\" width=\"960\" height=\"720\" src=\"https:\/\/www.culturalvila-seca.cat\/escacs\/wp-content\/uploads\/sites\/6\/2020\/07\/escacscopatgnaavila-seca.jpg\" alt=\"\" data-id=\"42\" data-full-url=\"https:\/\/www.culturalvila-seca.cat\/escacs\/wp-content\/uploads\/sites\/6\/2020\/07\/escacscopatgnaavila-seca.jpg\" data-link=\"https:\/\/www.culturalvila-seca.cat\/escacs\/historia\/escacscopatgnaavila-seca\/\" class=\"wp-image-42\" srcset=\"https:\/\/www.culturalvila-seca.cat\/escacs\/wp-content\/uploads\/sites\/6\/2020\/07\/escacscopatgnaavila-seca.jpg 960w, https:\/\/www.culturalvila-seca.cat\/escacs\/wp-content\/uploads\/sites\/6\/2020\/07\/escacscopatgnaavila-seca-300x225.jpg 300w, https:\/\/www.culturalvila-seca.cat\/escacs\/wp-content\/uploads\/sites\/6\/2020\/07\/escacscopatgnaavila-seca-768x576.jpg 768w\" sizes=\"auto, (max-width: 960px) 100vw, 960px\" \/><\/a><\/figure><\/li><li class=\"blocks-gallery-item\"><figure><a href=\"https:\/\/www.culturalvila-seca.cat\/escacs\/wp-content\/uploads\/sites\/6\/2020\/07\/escacscampionatequips2020.jpg\"><img loading=\"lazy\" decoding=\"async\" width=\"960\" height=\"720\" src=\"https:\/\/www.culturalvila-seca.cat\/escacs\/wp-content\/uploads\/sites\/6\/2020\/07\/escacscampionatequips2020.jpg\" alt=\"\" data-id=\"41\" data-full-url=\"https:\/\/www.culturalvila-seca.cat\/escacs\/wp-content\/uploads\/sites\/6\/2020\/07\/escacscampionatequips2020.jpg\" data-link=\"https:\/\/www.culturalvila-seca.cat\/escacs\/historia\/escacscampionatequips2020\/\" class=\"wp-image-41\" srcset=\"https:\/\/www.culturalvila-seca.cat\/escacs\/wp-content\/uploads\/sites\/6\/2020\/07\/escacscampionatequips2020.jpg 960w, https:\/\/www.culturalvila-seca.cat\/escacs\/wp-content\/uploads\/sites\/6\/2020\/07\/escacscampionatequips2020-300x225.jpg 300w, https:\/\/www.culturalvila-seca.cat\/escacs\/wp-content\/uploads\/sites\/6\/2020\/07\/escacscampionatequips2020-768x576.jpg 768w\" sizes=\"auto, (max-width: 960px) 100vw, 960px\" \/><\/a><\/figure><\/li><li class=\"blocks-gallery-item\"><figure><a href=\"https:\/\/www.culturalvila-seca.cat\/escacs\/wp-content\/uploads\/sites\/6\/2020\/07\/escacs3.jpg\"><img loading=\"lazy\" decoding=\"async\" width=\"540\" height=\"960\" src=\"https:\/\/www.culturalvila-seca.cat\/escacs\/wp-content\/uploads\/sites\/6\/2020\/07\/escacs3.jpg\" alt=\"\" data-id=\"40\" data-full-url=\"https:\/\/www.culturalvila-seca.cat\/escacs\/wp-content\/uploads\/sites\/6\/2020\/07\/escacs3.jpg\" data-link=\"https:\/\/www.culturalvila-seca.cat\/escacs\/historia\/escacs3\/\" class=\"wp-image-40\" srcset=\"https:\/\/www.culturalvila-seca.cat\/escacs\/wp-content\/uploads\/sites\/6\/2020\/07\/escacs3.jpg 540w, https:\/\/www.culturalvila-seca.cat\/escacs\/wp-content\/uploads\/sites\/6\/2020\/07\/escacs3-169x300.jpg 169w\" sizes=\"auto, (max-width: 540px) 100vw, 540px\" \/><\/a><\/figure><\/li><li class=\"blocks-gallery-item\"><figure><a href=\"https:\/\/www.culturalvila-seca.cat\/escacs\/wp-content\/uploads\/sites\/6\/2020\/07\/escacs1-1.jpg\"><img loading=\"lazy\" decoding=\"async\" width=\"540\" height=\"960\" src=\"https:\/\/www.culturalvila-seca.cat\/escacs\/wp-content\/uploads\/sites\/6\/2020\/07\/escacs1-1.jpg\" alt=\"\" data-id=\"38\" data-full-url=\"https:\/\/www.culturalvila-seca.cat\/escacs\/wp-content\/uploads\/sites\/6\/2020\/07\/escacs1-1.jpg\" data-link=\"https:\/\/www.culturalvila-seca.cat\/escacs\/historia\/escacs1-2\/\" class=\"wp-image-38\" srcset=\"https:\/\/www.culturalvila-seca.cat\/escacs\/wp-content\/uploads\/sites\/6\/2020\/07\/escacs1-1.jpg 540w, https:\/\/www.culturalvila-seca.cat\/escacs\/wp-content\/uploads\/sites\/6\/2020\/07\/escacs1-1-169x300.jpg 169w\" sizes=\"auto, (max-width: 540px) 100vw, 540px\" \/><\/a><\/figure><\/li><li class=\"blocks-gallery-item\"><figure><a href=\"https:\/\/www.culturalvila-seca.cat\/escacs\/wp-content\/uploads\/sites\/6\/2020\/07\/escacspremisllampec2019c.jpg\"><img loading=\"lazy\" decoding=\"async\" width=\"1024\" height=\"768\" src=\"https:\/\/www.culturalvila-seca.cat\/escacs\/wp-content\/uploads\/sites\/6\/2020\/07\/escacspremisllampec2019c-1024x768.jpg\" alt=\"\" data-id=\"36\" data-full-url=\"https:\/\/www.culturalvila-seca.cat\/escacs\/wp-content\/uploads\/sites\/6\/2020\/07\/escacspremisllampec2019c.jpg\" data-link=\"https:\/\/www.culturalvila-seca.cat\/escacs\/historia\/escacspremisllampec2019c\/\" class=\"wp-image-36\" srcset=\"https:\/\/www.culturalvila-seca.cat\/escacs\/wp-content\/uploads\/sites\/6\/2020\/07\/escacspremisllampec2019c-1024x768.jpg 1024w, https:\/\/www.culturalvila-seca.cat\/escacs\/wp-content\/uploads\/sites\/6\/2020\/07\/escacspremisllampec2019c-300x225.jpg 300w, https:\/\/www.culturalvila-seca.cat\/escacs\/wp-content\/uploads\/sites\/6\/2020\/07\/escacspremisllampec2019c-768x576.jpg 768w, https:\/\/www.culturalvila-seca.cat\/escacs\/wp-content\/uploads\/sites\/6\/2020\/07\/escacspremisllampec2019c-1536x1152.jpg 1536w, https:\/\/www.culturalvila-seca.cat\/escacs\/wp-content\/uploads\/sites\/6\/2020\/07\/escacspremisllampec2019c.jpg 2048w\" sizes=\"auto, (max-width: 1024px) 100vw, 1024px\" \/><\/a><\/figure><\/li><li class=\"blocks-gallery-item\"><figure><a href=\"https:\/\/www.culturalvila-seca.cat\/escacs\/wp-content\/uploads\/sites\/6\/2020\/07\/escacs1.jpg\"><img loading=\"lazy\" decoding=\"async\" width=\"1000\" height=\"1000\" src=\"https:\/\/www.culturalvila-seca.cat\/escacs\/wp-content\/uploads\/sites\/6\/2020\/07\/escacs1.jpg\" alt=\"Toneig Infantil 2017 Club Escacs Vila-seca\" data-id=\"34\" data-full-url=\"https:\/\/www.culturalvila-seca.cat\/escacs\/wp-content\/uploads\/sites\/6\/2020\/07\/escacs1.jpg\" data-link=\"https:\/\/www.culturalvila-seca.cat\/escacs\/club-escacs\/escacs1\/\" class=\"wp-image-34\" srcset=\"https:\/\/www.culturalvila-seca.cat\/escacs\/wp-content\/uploads\/sites\/6\/2020\/07\/escacs1.jpg 1000w, https:\/\/www.culturalvila-seca.cat\/escacs\/wp-content\/uploads\/sites\/6\/2020\/07\/escacs1-300x300.jpg 300w, https:\/\/www.culturalvila-seca.cat\/escacs\/wp-content\/uploads\/sites\/6\/2020\/07\/escacs1-150x150.jpg 150w, https:\/\/www.culturalvila-seca.cat\/escacs\/wp-content\/uploads\/sites\/6\/2020\/07\/escacs1-768x768.jpg 768w\" sizes=\"auto, (max-width: 1000px) 100vw, 1000px\" \/><\/a><\/figure><\/li><li class=\"blocks-gallery-item\"><figure><a href=\"https:\/\/www.culturalvila-seca.cat\/escacs\/wp-content\/uploads\/sites\/6\/2020\/08\/dinarescacs2.jpg\"><img loading=\"lazy\" decoding=\"async\" width=\"1024\" height=\"694\" src=\"https:\/\/www.culturalvila-seca.cat\/escacs\/wp-content\/uploads\/sites\/6\/2020\/08\/dinarescacs2-1024x694.jpg\" alt=\"\" data-id=\"108\" data-full-url=\"https:\/\/www.culturalvila-seca.cat\/escacs\/wp-content\/uploads\/sites\/6\/2020\/08\/dinarescacs2.jpg\" data-link=\"https:\/\/www.culturalvila-seca.cat\/escacs\/dinarescacs2\/\" class=\"wp-image-108\" srcset=\"https:\/\/www.culturalvila-seca.cat\/escacs\/wp-content\/uploads\/sites\/6\/2020\/08\/dinarescacs2-1024x694.jpg 1024w, https:\/\/www.culturalvila-seca.cat\/escacs\/wp-content\/uploads\/sites\/6\/2020\/08\/dinarescacs2-300x203.jpg 300w, https:\/\/www.culturalvila-seca.cat\/escacs\/wp-content\/uploads\/sites\/6\/2020\/08\/dinarescacs2-768x521.jpg 768w, https:\/\/www.culturalvila-seca.cat\/escacs\/wp-content\/uploads\/sites\/6\/2020\/08\/dinarescacs2-1536x1041.jpg 1536w, https:\/\/www.culturalvila-seca.cat\/escacs\/wp-content\/uploads\/sites\/6\/2020\/08\/dinarescacs2.jpg 1991w\" sizes=\"auto, (max-width: 1024px) 100vw, 1024px\" \/><\/a><figcaption class=\"blocks-gallery-item__caption\">Fons Club d&#8217;Escacs<\/figcaption><\/figure><\/li><li class=\"blocks-gallery-item\"><figure><a href=\"https:\/\/www.culturalvila-seca.cat\/escacs\/wp-content\/uploads\/sites\/6\/2020\/08\/dinarescacs1.jpg\"><img loading=\"lazy\" decoding=\"async\" width=\"1024\" height=\"715\" src=\"https:\/\/www.culturalvila-seca.cat\/escacs\/wp-content\/uploads\/sites\/6\/2020\/08\/dinarescacs1-1024x715.jpg\" alt=\"Sopar Torneig Llampec\" data-id=\"107\" data-full-url=\"https:\/\/www.culturalvila-seca.cat\/escacs\/wp-content\/uploads\/sites\/6\/2020\/08\/dinarescacs1.jpg\" data-link=\"https:\/\/www.culturalvila-seca.cat\/escacs\/dinarescacs1\/\" class=\"wp-image-107\" srcset=\"https:\/\/www.culturalvila-seca.cat\/escacs\/wp-content\/uploads\/sites\/6\/2020\/08\/dinarescacs1-1024x715.jpg 1024w, https:\/\/www.culturalvila-seca.cat\/escacs\/wp-content\/uploads\/sites\/6\/2020\/08\/dinarescacs1-300x210.jpg 300w, https:\/\/www.culturalvila-seca.cat\/escacs\/wp-content\/uploads\/sites\/6\/2020\/08\/dinarescacs1-768x537.jpg 768w, https:\/\/www.culturalvila-seca.cat\/escacs\/wp-content\/uploads\/sites\/6\/2020\/08\/dinarescacs1-1536x1073.jpg 1536w, https:\/\/www.culturalvila-seca.cat\/escacs\/wp-content\/uploads\/sites\/6\/2020\/08\/dinarescacs1.jpg 1945w\" sizes=\"auto, (max-width: 1024px) 100vw, 1024px\" \/><\/a><figcaption class=\"blocks-gallery-item__caption\">Fons Club d&#8217;Escacs<\/figcaption><\/figure><\/li><\/ul><\/figure>\n\n\n\n<figure class=\"wp-block-image size-large is-style-rounded credit_autor\"><img loading=\"lazy\" decoding=\"async\" width=\"400\" height=\"400\" src=\"https:\/\/www.culturalvila-seca.cat\/escacs\/wp-content\/uploads\/sites\/6\/2020\/07\/Ivan-Herreros.jpg\" alt=\"\" class=\"wp-image-94\" srcset=\"https:\/\/www.culturalvila-seca.cat\/escacs\/wp-content\/uploads\/sites\/6\/2020\/07\/Ivan-Herreros.jpg 400w, https:\/\/www.culturalvila-seca.cat\/escacs\/wp-content\/uploads\/sites\/6\/2020\/07\/Ivan-Herreros-300x300.jpg 300w, https:\/\/www.culturalvila-seca.cat\/escacs\/wp-content\/uploads\/sites\/6\/2020\/07\/Ivan-Herreros-150x150.jpg 150w\" sizes=\"auto, (max-width: 400px) 100vw, 400px\" \/><figcaption><strong>Ivan Herreros Rojo<\/strong><br>President del Club d&#8217;Escacs Vila-seca<\/figcaption><\/figure>\n\n\n\n<p><\/p>\n","protected":false},"excerpt":{"rendered":"<p>Grans i petits, portem gaireb\u00e9 cinquanta anys jugant a escacs. Treballem per un futur equitatiu i comprom\u00e8s amb una societat m\u00e9s justa. Som una eina transversal que uneix a grans i petits, i a tots els estaments socials. Tothom pot gaudir dels escacs. Hist\u00f2ria Els or\u00edgens del Club d&#8217;Escacs Vila-seca es remunten a l\u2019any 1972 [&hellip;]<\/p>\n","protected":false},"author":1,"featured_media":88,"parent":0,"menu_order":0,"comment_status":"closed","ping_status":"closed","template":"","meta":{"_acf_changed":false,"footnotes":""},"class_list":["post-10","page","type-page","status-publish","has-post-thumbnail","hentry"],"acf":[],"_links":{"self":[{"href":"https:\/\/www.culturalvila-seca.cat\/escacs\/wp-json\/wp\/v2\/pages\/10","targetHints":{"allow":["GET"]}}],"collection":[{"href":"https:\/\/www.culturalvila-seca.cat\/escacs\/wp-json\/wp\/v2\/pages"}],"about":[{"href":"https:\/\/www.culturalvila-seca.cat\/escacs\/wp-json\/wp\/v2\/types\/page"}],"author":[{"embeddable":true,"href":"https:\/\/www.culturalvila-seca.cat\/escacs\/wp-json\/wp\/v2\/users\/1"}],"replies":[{"embeddable":true,"href":"https:\/\/www.culturalvila-seca.cat\/escacs\/wp-json\/wp\/v2\/comments?post=10"}],"version-history":[{"count":17,"href":"https:\/\/www.culturalvila-seca.cat\/escacs\/wp-json\/wp\/v2\/pages\/10\/revisions"}],"predecessor-version":[{"id":119,"href":"https:\/\/www.culturalvila-seca.cat\/escacs\/wp-json\/wp\/v2\/pages\/10\/revisions\/119"}],"wp:featuredmedia":[{"embeddable":true,"href":"https:\/\/www.culturalvila-seca.cat\/escacs\/wp-json\/wp\/v2\/media\/88"}],"wp:attachment":[{"href":"https:\/\/www.culturalvila-seca.cat\/escacs\/wp-json\/wp\/v2\/media?parent=10"}],"curies":[{"name":"wp","href":"https:\/\/api.w.org\/{rel}","templated":true}]}}