{"id":6,"date":"2020-07-11T18:45:06","date_gmt":"2020-07-11T16:45:06","guid":{"rendered":"https:\/\/www.culturalvila-seca.cat\/muntanya\/?page_id=6"},"modified":"2020-09-02T18:12:52","modified_gmt":"2020-09-02T16:12:52","slug":"seccio-de-muntanya","status":"publish","type":"page","link":"https:\/\/www.culturalvila-seca.cat\/muntanya\/","title":{"rendered":"Secci\u00f3 de Muntanya"},"content":{"rendered":"\n<div class=\"wp-block-group alignfull block_skew intro_subsite\"><div class=\"wp-block-group__inner-container is-layout-flow wp-block-group-is-layout-flow\"><h1>Secci\u00f3 de Muntanya<\/h1>\n\n\n\n<h2 class=\"wp-block-heading\">Fem i difonem l&#8217;esport<\/h2>\n<\/div><\/div>\n\n\n\n<div class=\"wp-block-columns block_cols img_right block_link extended is-layout-flex wp-container-core-columns-is-layout-9d6595d7 wp-block-columns-is-layout-flex\">\n<div class=\"wp-block-column is-layout-flow wp-block-column-is-layout-flow\" style=\"flex-basis:50%\">\n<h2 class=\"wp-block-heading\">Caminades i trials<\/h2>\n\n\n\n<p>Organitzem caminades per a tots els p\u00fablics, trials i activitats esportives per a atletes<\/p>\n\n\n\n<p><a href=\"https:\/\/www.culturalvila-seca.cat\/muntanya\/que-fem\/\">Mira qu\u00e8 fem<\/a><\/p>\n\n\n\n<p><\/p>\n<\/div>\n\n\n\n<div class=\"wp-block-column is-layout-flow wp-block-column-is-layout-flow\" style=\"flex-basis:50%\">\n<figure class=\"wp-block-image size-large\"><img loading=\"lazy\" decoding=\"async\" width=\"1000\" height=\"1000\" src=\"https:\/\/www.culturalvila-seca.cat\/muntanya\/wp-content\/uploads\/sites\/14\/2020\/07\/cursa.jpg\" alt=\"\" class=\"wp-image-52\" srcset=\"https:\/\/www.culturalvila-seca.cat\/muntanya\/wp-content\/uploads\/sites\/14\/2020\/07\/cursa.jpg 1000w, https:\/\/www.culturalvila-seca.cat\/muntanya\/wp-content\/uploads\/sites\/14\/2020\/07\/cursa-300x300.jpg 300w, https:\/\/www.culturalvila-seca.cat\/muntanya\/wp-content\/uploads\/sites\/14\/2020\/07\/cursa-150x150.jpg 150w, https:\/\/www.culturalvila-seca.cat\/muntanya\/wp-content\/uploads\/sites\/14\/2020\/07\/cursa-768x768.jpg 768w\" sizes=\"auto, (max-width: 1000px) 100vw, 1000px\" \/><\/figure>\n\n\n\n<div class=\"wp-block-group is-layout-flow wp-block-group-is-layout-flow\"><div class=\"wp-block-group__inner-container\"><\/div><\/div>\n<\/div>\n<\/div>\n\n\n\n<div class=\"wp-block-group alignfull block_skew grey angle2 extended\"><div class=\"wp-block-group__inner-container is-layout-flow wp-block-group-is-layout-flow\">\n<h2 class=\"wp-block-heading\">Propers esdeveniments<\/h2>\n\n\n<section class=\"noticia_destacada\">\n<div class=\"wp-block-columns block_link block_noticia block_link extended  \">\n\t<div class=\"wp-block-column foto_noticia\">\n\t\t<figure class=\"wp-block-image alignwide size-large relocatable\">\n\t\t<img loading=\"lazy\" decoding=\"async\" width=\"211\" height=\"300\" src=\"https:\/\/www.culturalvila-seca.cat\/muntanya\/wp-content\/uploads\/sites\/14\/2026\/04\/cartellcaminada-211x300.jpeg\" class=\"attachment-medium size-medium wp-post-image\" alt=\"\" srcset=\"https:\/\/www.culturalvila-seca.cat\/muntanya\/wp-content\/uploads\/sites\/14\/2026\/04\/cartellcaminada-211x300.jpeg 211w, https:\/\/www.culturalvila-seca.cat\/muntanya\/wp-content\/uploads\/sites\/14\/2026\/04\/cartellcaminada.jpeg 690w\" sizes=\"auto, (max-width: 211px) 100vw, 211px\" \/>\t\t<figcaption><\/figcaption>\n\t\t<\/figure>\n\t<\/div>\n\t<div class=\"wp-block-column text_noticia\">\n\t\n\t\t<div class=\"titol\">\n\t\t\t\t<h3>Caminada popular<\/h3>\n\t\t\t\t\t\t\t\t<\/div>\n\t\t<p>Torna la caminada popular solid\u00e0ria de Vila-seca organitzada per la Secci\u00f3 de Muntanya. Us esperem el 3 de maig per una nova ruta saludable vora la Torre d&#8217;en Dol\u00e7a. Inscripcions: CAMINADA VILA-SECA A LA PINEDA<\/p>\n\t\t\n\t\t\n\t\t<p class=\"article_actions\">\n\t\t\n\t\t\t<a href=\"https:\/\/www.culturalvila-seca.cat\/muntanya\/actualitat\/caminada-popular\/\" >\n\t\t\t\t<i class=\"fas fa-chevron-right\"><\/i> Llegeix m\u00e9s\n\t\t\t<\/a>\n\t\t\t\t\t\t\t\t<\/p>\n\n\n\t<\/div>\n<\/div><\/section>\n<\/div><\/div>\n\n\n\n<p><\/p>\n","protected":false},"excerpt":{"rendered":"<p>Fem i difonem l&#8217;esport Caminades i trials Organitzem caminades per a tots els p\u00fablics, trials i activitats esportives per a atletes Mira qu\u00e8 fem Propers esdeveniments<\/p>\n","protected":false},"author":1,"featured_media":0,"parent":0,"menu_order":0,"comment_status":"closed","ping_status":"closed","template":"template_portada_subsite.php","meta":{"_acf_changed":false,"footnotes":""},"class_list":["post-6","page","type-page","status-publish","hentry"],"acf":[],"_links":{"self":[{"href":"https:\/\/www.culturalvila-seca.cat\/muntanya\/wp-json\/wp\/v2\/pages\/6","targetHints":{"allow":["GET"]}}],"collection":[{"href":"https:\/\/www.culturalvila-seca.cat\/muntanya\/wp-json\/wp\/v2\/pages"}],"about":[{"href":"https:\/\/www.culturalvila-seca.cat\/muntanya\/wp-json\/wp\/v2\/types\/page"}],"author":[{"embeddable":true,"href":"https:\/\/www.culturalvila-seca.cat\/muntanya\/wp-json\/wp\/v2\/users\/1"}],"replies":[{"embeddable":true,"href":"https:\/\/www.culturalvila-seca.cat\/muntanya\/wp-json\/wp\/v2\/comments?post=6"}],"version-history":[{"count":7,"href":"https:\/\/www.culturalvila-seca.cat\/muntanya\/wp-json\/wp\/v2\/pages\/6\/revisions"}],"predecessor-version":[{"id":90,"href":"https:\/\/www.culturalvila-seca.cat\/muntanya\/wp-json\/wp\/v2\/pages\/6\/revisions\/90"}],"wp:attachment":[{"href":"https:\/\/www.culturalvila-seca.cat\/muntanya\/wp-json\/wp\/v2\/media?parent=6"}],"curies":[{"name":"wp","href":"https:\/\/api.w.org\/{rel}","templated":true}]}}