{"id":10,"date":"2020-07-11T18:56:00","date_gmt":"2020-07-11T16:56:00","guid":{"rendered":"https:\/\/www.culturalvila-seca.cat\/novaunio\/?page_id=10"},"modified":"2020-08-18T18:47:36","modified_gmt":"2020-08-18T16:47:36","slug":"historia","status":"publish","type":"page","link":"https:\/\/www.culturalvila-seca.cat\/novaunio\/historia\/","title":{"rendered":"Hist\u00f2ria"},"content":{"rendered":"\n<div class=\"wp-block-group alignfull block_skew intro_pagina\"><div class=\"wp-block-group__inner-container is-layout-flow wp-block-group-is-layout-flow\"><h1>Hist\u00f2ria<\/h1>\n\n\n\n<p>Amb gaireb\u00e9 cinquanta anys d&#8217;hist\u00f2ria la Coral Nova Uni\u00f3 ha unit a centenars de dones i d&#8217;homes que s&#8217;estimen la m\u00fasica.<\/p>\n<\/div><\/div>\n\n\n\n<h2 class=\"wp-block-heading\">Ens uneix el goig de gaudir del cant<\/h2>\n\n\n\n<p>La Coral Nova Uni\u00f3 nasqu\u00e9 l\u2019any 1972, i entr\u00e0 a formar part de l\u2019Agrupaci\u00f3 Cultural des de la seva fundaci\u00f3. Un dels m\u00e9s actius en el comen\u00e7ament fou Moss\u00e8n Ricard Cabr\u00e9 \u2014recentment traspassat\u2014 junt amb altres joves actius com Josep Anton R\u00e0fols i Josep M. Boquera. Van buscar el primer director, que va ser \u00c0ngel Recasens, de Cambrils, qui dirig\u00ed el primer concert el 26 de desembre de 1972 a l\u2019esgl\u00e9sia de Sant Esteve. Des d\u2019aleshores no ha mancat mai el concert que s\u2019ha fet emblem\u00e0tic i que el 2021 ser\u00e0 el 50\u00e8.<\/p>\n\n\n\n<figure class=\"wp-block-embed-youtube wp-block-embed is-type-video is-provider-youtube wp-embed-aspect-16-9 wp-has-aspect-ratio\"><div class=\"wp-block-embed__wrapper\">\n<iframe loading=\"lazy\" title=\"La Coral Nova Uni\u00f3 i Orquestra H\u00e4ndel protagonitzen el concert de Sant Esteve a Vila-seca\" width=\"640\" height=\"360\" src=\"https:\/\/www.youtube.com\/embed\/0kgEJXRw1Is?feature=oembed\" frameborder=\"0\" allow=\"accelerometer; autoplay; clipboard-write; encrypted-media; gyroscope; picture-in-picture; web-share\" referrerpolicy=\"strict-origin-when-cross-origin\" allowfullscreen><\/iframe>\n<\/div><figcaption>Concert de Sant Esteve<br>V\u00eddeo: TAC12<\/figcaption><\/figure>\n\n\n\n<p>El Concert del 25\u00e8 Aniversari encara es va celebrar a l\u2019esgl\u00e9sia, per\u00f2 des que es va inaugurar l\u2019Auditori Josep Carreras sempre se celebren en aquest nou espai, amb la col\u00b7laboraci\u00f3 de l\u2019Orquestra Haendel del Conservatori de Vila-seca, dirigida per Rafael Fabregat.<\/p>\n\n\n\n<h4 class=\"wp-block-heading\">Recordem els presidents<\/h4>\n\n\n\n<p>Els presidents que ha tingut la Coral han estat Josep Anton R\u00e0fols, Josep M. Boquera en dues ocasions, Josep M. Rovira Porqueras, Antoni Mas Castelltort, Agn\u00e8s Vallverd\u00fa Robert, Joan Marin\u00e9 Rebull, Josep M. Ferrando Sol\u00e9 i l\u2019actual, Xavier Espina i Mata.<\/p>\n\n\n\n<figure class=\"wp-block-image size-large\"><img loading=\"lazy\" decoding=\"async\" width=\"720\" height=\"698\" src=\"https:\/\/www.culturalvila-seca.cat\/novaunio\/wp-content\/uploads\/sites\/8\/2020\/07\/novaunio_01.jpg\" alt=\"Coral Nova Uni\u00f3, de Vila-seca, Santes Creus 2020\" class=\"wp-image-38\" srcset=\"https:\/\/www.culturalvila-seca.cat\/novaunio\/wp-content\/uploads\/sites\/8\/2020\/07\/novaunio_01.jpg 720w, https:\/\/www.culturalvila-seca.cat\/novaunio\/wp-content\/uploads\/sites\/8\/2020\/07\/novaunio_01-300x291.jpg 300w\" sizes=\"auto, (max-width: 720px) 100vw, 720px\" \/><figcaption>Sortida al monestir de Santes Creus<br>Fons : Coral Nova Uni\u00f3<\/figcaption><\/figure>\n\n\n\n<h4 class=\"wp-block-heading\">En bones mans<\/h4>\n\n\n\n<p>Els directors de la Coral han estat: \u00c0ngel Recasens Galbas, Josep M. Gomis Barber\u00e0, Robert Sarmiento Espa\u00f1ol en dues ocasions, S\u00edlvia Gil-P\u00e9rez Garcia, N\u00faria Cunillera i Salas, Violant Sarr\u00e0 i Caparacena, Carolina Morales Vallejo i actualment, David Molina i Font, que comen\u00e7\u00e0 el 2010.<\/p>\n","protected":false},"excerpt":{"rendered":"<p>Amb gaireb\u00e9 cinquanta anys d&#8217;hist\u00f2ria la Coral Nova Uni\u00f3 ha unit a centenars de dones i d&#8217;homes que s&#8217;estimen la m\u00fasica. Ens uneix el goig de gaudir del cant La Coral Nova Uni\u00f3 nasqu\u00e9 l\u2019any 1972, i entr\u00e0 a formar part de l\u2019Agrupaci\u00f3 Cultural des de la seva fundaci\u00f3. Un dels m\u00e9s actius en el [&hellip;]<\/p>\n","protected":false},"author":1,"featured_media":73,"parent":0,"menu_order":0,"comment_status":"closed","ping_status":"closed","template":"","meta":{"_acf_changed":false,"footnotes":""},"class_list":["post-10","page","type-page","status-publish","has-post-thumbnail","hentry"],"acf":[],"_links":{"self":[{"href":"https:\/\/www.culturalvila-seca.cat\/novaunio\/wp-json\/wp\/v2\/pages\/10","targetHints":{"allow":["GET"]}}],"collection":[{"href":"https:\/\/www.culturalvila-seca.cat\/novaunio\/wp-json\/wp\/v2\/pages"}],"about":[{"href":"https:\/\/www.culturalvila-seca.cat\/novaunio\/wp-json\/wp\/v2\/types\/page"}],"author":[{"embeddable":true,"href":"https:\/\/www.culturalvila-seca.cat\/novaunio\/wp-json\/wp\/v2\/users\/1"}],"replies":[{"embeddable":true,"href":"https:\/\/www.culturalvila-seca.cat\/novaunio\/wp-json\/wp\/v2\/comments?post=10"}],"version-history":[{"count":7,"href":"https:\/\/www.culturalvila-seca.cat\/novaunio\/wp-json\/wp\/v2\/pages\/10\/revisions"}],"predecessor-version":[{"id":115,"href":"https:\/\/www.culturalvila-seca.cat\/novaunio\/wp-json\/wp\/v2\/pages\/10\/revisions\/115"}],"wp:featuredmedia":[{"embeddable":true,"href":"https:\/\/www.culturalvila-seca.cat\/novaunio\/wp-json\/wp\/v2\/media\/73"}],"wp:attachment":[{"href":"https:\/\/www.culturalvila-seca.cat\/novaunio\/wp-json\/wp\/v2\/media?parent=10"}],"curies":[{"name":"wp","href":"https:\/\/api.w.org\/{rel}","templated":true}]}}