{"id":28,"date":"2023-07-14T18:56:29","date_gmt":"2023-07-14T16:56:29","guid":{"rendered":"https:\/\/www.culturalvila-seca.cat\/petitspintors\/?page_id=28"},"modified":"2023-07-14T18:58:02","modified_gmt":"2023-07-14T16:58:02","slug":"historia","status":"publish","type":"page","link":"https:\/\/www.culturalvila-seca.cat\/petitspintors\/historia\/","title":{"rendered":"Hist\u00f2ria"},"content":{"rendered":"\n<div class=\"wp-block-group alignfull block_skew intro_pagina\"><div class=\"wp-block-group__inner-container is-layout-flow wp-block-group-is-layout-flow\"><h1>Hist\u00f2ria<\/h1>\n\n\n\n<p>Nascuts sota el paraigua de la Secci\u00f3 d\u2019Art, ara som una nova secci\u00f3 de l&#8217;Agrupaci\u00f3 Cultural.<\/p>\n<\/div><\/div>\n\n\n\n<h2 class=\"wp-block-heading\">Som els m\u00e9s grans dels geganters petits<\/h2>\n\n\n\n<p>La <strong>Colla Gegantera dels Petits Pintors<\/strong> es va crear dins de la Secci\u00f3 d&#8217;Art de l&#8217;Agrupaci\u00f3 Cultural Vila-seca. L&#8217;any 2023 va passar a ser un membre independent, convertint-se d&#8217;aquesta manera en la 15a secci\u00f3 de l&#8217;entitat.<\/p>\n\n\n\n<figure class=\"wp-block-image size-full\"><img loading=\"lazy\" decoding=\"async\" width=\"768\" height=\"768\" src=\"https:\/\/www.culturalvila-seca.cat\/petitspintors\/wp-content\/uploads\/sites\/16\/2023\/07\/collapetitspintors.jpg\" alt=\"Colla Gegantera dels Petits Pintors\" class=\"wp-image-18\" srcset=\"https:\/\/www.culturalvila-seca.cat\/petitspintors\/wp-content\/uploads\/sites\/16\/2023\/07\/collapetitspintors.jpg 768w, https:\/\/www.culturalvila-seca.cat\/petitspintors\/wp-content\/uploads\/sites\/16\/2023\/07\/collapetitspintors-300x300.jpg 300w, https:\/\/www.culturalvila-seca.cat\/petitspintors\/wp-content\/uploads\/sites\/16\/2023\/07\/collapetitspintors-150x150.jpg 150w\" sizes=\"auto, (max-width: 768px) 100vw, 768px\" \/><\/figure>\n","protected":false},"excerpt":{"rendered":"<p>Nascuts sota el paraigua de la Secci\u00f3 d\u2019Art, ara som una nova secci\u00f3 de l&#8217;Agrupaci\u00f3 Cultural. Som els m\u00e9s grans dels geganters petits La Colla Gegantera dels Petits Pintors es va crear dins de la Secci\u00f3 d&#8217;Art de l&#8217;Agrupaci\u00f3 Cultural Vila-seca. L&#8217;any 2023 va passar a ser un membre independent, convertint-se d&#8217;aquesta manera en la [&hellip;]<\/p>\n","protected":false},"author":1,"featured_media":0,"parent":0,"menu_order":0,"comment_status":"closed","ping_status":"closed","template":"","meta":{"_acf_changed":false,"footnotes":""},"class_list":["post-28","page","type-page","status-publish","hentry"],"acf":[],"_links":{"self":[{"href":"https:\/\/www.culturalvila-seca.cat\/petitspintors\/wp-json\/wp\/v2\/pages\/28","targetHints":{"allow":["GET"]}}],"collection":[{"href":"https:\/\/www.culturalvila-seca.cat\/petitspintors\/wp-json\/wp\/v2\/pages"}],"about":[{"href":"https:\/\/www.culturalvila-seca.cat\/petitspintors\/wp-json\/wp\/v2\/types\/page"}],"author":[{"embeddable":true,"href":"https:\/\/www.culturalvila-seca.cat\/petitspintors\/wp-json\/wp\/v2\/users\/1"}],"replies":[{"embeddable":true,"href":"https:\/\/www.culturalvila-seca.cat\/petitspintors\/wp-json\/wp\/v2\/comments?post=28"}],"version-history":[{"count":3,"href":"https:\/\/www.culturalvila-seca.cat\/petitspintors\/wp-json\/wp\/v2\/pages\/28\/revisions"}],"predecessor-version":[{"id":32,"href":"https:\/\/www.culturalvila-seca.cat\/petitspintors\/wp-json\/wp\/v2\/pages\/28\/revisions\/32"}],"wp:attachment":[{"href":"https:\/\/www.culturalvila-seca.cat\/petitspintors\/wp-json\/wp\/v2\/media?parent=28"}],"curies":[{"name":"wp","href":"https:\/\/api.w.org\/{rel}","templated":true}]}}