{"id":2,"date":"2023-03-27T17:45:06","date_gmt":"2023-03-27T15:45:06","guid":{"rendered":"https:\/\/www.culturalvila-seca.cat\/tocats-de-la-la\/?page_id=2"},"modified":"2023-07-17T12:44:42","modified_gmt":"2023-07-17T10:44:42","slug":"pagina-exemple","status":"publish","type":"page","link":"https:\/\/www.culturalvila-seca.cat\/tocats-de-la-la\/","title":{"rendered":"Xaranga Tocats de la-la"},"content":{"rendered":"\n<div class=\"wp-block-group alignfull block_skew intro_subsite\"><div class=\"wp-block-group__inner-container is-layout-flow wp-block-group-is-layout-flow\"><h1>Xaranga Tocats de la-la<\/h1>\n\n\n\n<h2 class=\"wp-block-heading\">M\u00fasica festiva i de carrer<\/h2>\n<\/div><\/div>\n\n\n\n<div class=\"wp-block-columns block_cols img_left block_link extended is-layout-flex wp-container-core-columns-is-layout-9d6595d7 wp-block-columns-is-layout-flex\">\n<div class=\"wp-block-column is-layout-flow wp-block-column-is-layout-flow\" style=\"flex-basis:50%\">\n<figure class=\"wp-block-image size-full\"><img loading=\"lazy\" decoding=\"async\" width=\"768\" height=\"768\" src=\"https:\/\/www.culturalvila-seca.cat\/tocats-de-la-la\/wp-content\/uploads\/sites\/15\/2023\/03\/tocatsdelala.jpg\" alt=\"Xaranga Tocats de La-La\" class=\"wp-image-10\" srcset=\"https:\/\/www.culturalvila-seca.cat\/tocats-de-la-la\/wp-content\/uploads\/sites\/15\/2023\/03\/tocatsdelala.jpg 768w, https:\/\/www.culturalvila-seca.cat\/tocats-de-la-la\/wp-content\/uploads\/sites\/15\/2023\/03\/tocatsdelala-300x300.jpg 300w, https:\/\/www.culturalvila-seca.cat\/tocats-de-la-la\/wp-content\/uploads\/sites\/15\/2023\/03\/tocatsdelala-150x150.jpg 150w\" sizes=\"auto, (max-width: 768px) 100vw, 768px\" \/><\/figure>\n\n\n\n<p><\/p>\n<\/div>\n\n\n\n<div class=\"wp-block-column is-layout-flow wp-block-column-is-layout-flow\" style=\"flex-basis:50%\">\n<h2 class=\"wp-block-heading\">Un futur ple de festa<\/h2>\n\n\n\n<div class=\"wp-block-group\"><div class=\"wp-block-group__inner-container is-layout-flow wp-block-group-is-layout-flow\">\n<p>Som una banda de m\u00fasica de carrer vila-secana formada per joves de 16 a 18 anys amb estudis professionals de m\u00fasica. El nostre xou itinerant est\u00e0 format per un repertori divers de m\u00fasica festiva.<\/p>\n<\/div><\/div>\n\n\n\n<p><a href=\"https:\/\/www.culturalvila-seca.cat\/tocats-de-la-la\/historia\/\">T&#8217;ho expliquem<\/a><\/p>\n<\/div>\n<\/div>\n\n\n\n<div class=\"wp-block-group alignfull block_skew grey angle2 extended\"><div class=\"wp-block-group__inner-container is-layout-flow wp-block-group-is-layout-flow\">\n<h2 class=\"wp-block-heading\">Propers esdeveniments<\/h2>\n\n\n<section class=\"noticia_destacada\">\n<div class=\"wp-block-columns block_link block_noticia block_link extended  \">\n\t<div class=\"wp-block-column foto_noticia\">\n\t\t<figure class=\"wp-block-image alignwide size-large relocatable\">\n\t\t<img loading=\"lazy\" decoding=\"async\" width=\"300\" height=\"300\" src=\"https:\/\/www.culturalvila-seca.cat\/tocats-de-la-la\/wp-content\/uploads\/sites\/15\/2023\/03\/santjordi-300x300.jpg\" class=\"attachment-medium size-medium wp-post-image\" alt=\"Sant Jordi 2023 a Vila-seca\" srcset=\"https:\/\/www.culturalvila-seca.cat\/tocats-de-la-la\/wp-content\/uploads\/sites\/15\/2023\/03\/santjordi-300x300.jpg 300w, https:\/\/www.culturalvila-seca.cat\/tocats-de-la-la\/wp-content\/uploads\/sites\/15\/2023\/03\/santjordi-150x150.jpg 150w, https:\/\/www.culturalvila-seca.cat\/tocats-de-la-la\/wp-content\/uploads\/sites\/15\/2023\/03\/santjordi-768x768.jpg 768w, https:\/\/www.culturalvila-seca.cat\/tocats-de-la-la\/wp-content\/uploads\/sites\/15\/2023\/03\/santjordi.jpg 800w\" sizes=\"auto, (max-width: 300px) 100vw, 300px\" \/>\t\t<figcaption><\/figcaption>\n\t\t<\/figure>\n\t<\/div>\n\t<div class=\"wp-block-column text_noticia\">\n\t\n\t\t<div class=\"titol\">\n\t\t\t\t<h3>Participem en els actes de Sant Jordi 2023<\/h3>\n\t\t\t\t\t\t\t\t<\/div>\n\t\t<p>La Xaranga Tocats de la-la participarem dels actes oficials de Sant Jordi que se celebraran a Vila-seca. A partir de les 10 del mat\u00ed ens trobareu fent un recorregut per les diferents escultures amb llibres fins al Castell de Vila-seca. Us hi esperem!<\/p>\n\t\t\n\t\t\n\t\t<p class=\"article_actions\">\n\t\t\n\t\t\t<a href=\"https:\/\/www.culturalvila-seca.cat\/tocats-de-la-la\/actualitat\/participem-en-els-actes-de-sant-jordi-2023\/\" >\n\t\t\t\t<i class=\"fas fa-chevron-right\"><\/i> Llegeix m\u00e9s\n\t\t\t<\/a>\n\t\t\t\t\t\t\t\t<\/p>\n\n\n\t<\/div>\n<\/div><\/section>\n<\/div><\/div>\n\n\n\n<div class=\"wp-block-columns block_cols img_right block_link extended is-layout-flex wp-container-core-columns-is-layout-9d6595d7 wp-block-columns-is-layout-flex\">\n<div class=\"wp-block-column is-layout-flow wp-block-column-is-layout-flow\" style=\"flex-basis:50%\">\n<h2 class=\"wp-block-heading\">Estem ben tocats<\/h2>\n\n\n\n<p>Tenim moltes ganes de tocar i passar-ho b\u00e9.<\/p>\n\n\n\n<p><a href=\"https:\/\/www.culturalvila-seca.cat\/tocats-de-la-la\/presentacio\/\">Coneix-nos!<\/a><\/p>\n\n\n\n<p><\/p>\n<\/div>\n\n\n\n<div class=\"wp-block-column is-layout-flow wp-block-column-is-layout-flow\" style=\"flex-basis:50%\">\n<figure class=\"wp-block-image size-full\"><img loading=\"lazy\" decoding=\"async\" width=\"768\" height=\"768\" src=\"https:\/\/www.culturalvila-seca.cat\/tocats-de-la-la\/wp-content\/uploads\/sites\/15\/2023\/07\/tocats-cavall.jpeg\" alt=\"Tocats de la-la\" class=\"wp-image-67\" srcset=\"https:\/\/www.culturalvila-seca.cat\/tocats-de-la-la\/wp-content\/uploads\/sites\/15\/2023\/07\/tocats-cavall.jpeg 768w, https:\/\/www.culturalvila-seca.cat\/tocats-de-la-la\/wp-content\/uploads\/sites\/15\/2023\/07\/tocats-cavall-300x300.jpeg 300w, https:\/\/www.culturalvila-seca.cat\/tocats-de-la-la\/wp-content\/uploads\/sites\/15\/2023\/07\/tocats-cavall-150x150.jpeg 150w\" sizes=\"auto, (max-width: 768px) 100vw, 768px\" \/><\/figure>\n\n\n\n<div class=\"wp-block-group\"><div class=\"wp-block-group__inner-container is-layout-flow wp-block-group-is-layout-flow\"><\/div><\/div>\n<\/div>\n<\/div>\n","protected":false},"excerpt":{"rendered":"<p>M\u00fasica festiva i de carrer Un futur ple de festa Som una banda de m\u00fasica de carrer vila-secana formada per joves de 16 a 18 anys amb estudis professionals de m\u00fasica. El nostre xou itinerant est\u00e0 format per un repertori divers de m\u00fasica festiva. T&#8217;ho expliquem Propers esdeveniments Estem ben tocats Tenim moltes ganes de [&hellip;]<\/p>\n","protected":false},"author":1,"featured_media":0,"parent":0,"menu_order":0,"comment_status":"closed","ping_status":"closed","template":"template_portada_subsite.php","meta":{"_acf_changed":false,"footnotes":""},"class_list":["post-2","page","type-page","status-publish","hentry"],"acf":[],"_links":{"self":[{"href":"https:\/\/www.culturalvila-seca.cat\/tocats-de-la-la\/wp-json\/wp\/v2\/pages\/2","targetHints":{"allow":["GET"]}}],"collection":[{"href":"https:\/\/www.culturalvila-seca.cat\/tocats-de-la-la\/wp-json\/wp\/v2\/pages"}],"about":[{"href":"https:\/\/www.culturalvila-seca.cat\/tocats-de-la-la\/wp-json\/wp\/v2\/types\/page"}],"author":[{"embeddable":true,"href":"https:\/\/www.culturalvila-seca.cat\/tocats-de-la-la\/wp-json\/wp\/v2\/users\/1"}],"replies":[{"embeddable":true,"href":"https:\/\/www.culturalvila-seca.cat\/tocats-de-la-la\/wp-json\/wp\/v2\/comments?post=2"}],"version-history":[{"count":9,"href":"https:\/\/www.culturalvila-seca.cat\/tocats-de-la-la\/wp-json\/wp\/v2\/pages\/2\/revisions"}],"predecessor-version":[{"id":69,"href":"https:\/\/www.culturalvila-seca.cat\/tocats-de-la-la\/wp-json\/wp\/v2\/pages\/2\/revisions\/69"}],"wp:attachment":[{"href":"https:\/\/www.culturalvila-seca.cat\/tocats-de-la-la\/wp-json\/wp\/v2\/media?parent=2"}],"curies":[{"name":"wp","href":"https:\/\/api.w.org\/{rel}","templated":true}]}}